{"id":2094,"date":"2026-02-14T20:33:33","date_gmt":"2026-02-14T20:33:33","guid":{"rendered":"https:\/\/parkhotelmovar.hu\/trainingslager-angebotsanfrage\/"},"modified":"2026-04-08T18:08:45","modified_gmt":"2026-04-08T18:08:45","slug":"trainingslager-angebotsanfrage","status":"publish","type":"page","link":"https:\/\/parkhotelmovar.hu\/de\/trainingslager-angebotsanfrage\/","title":{"rendered":"Trainingslager \u2013 Angebotsanfrage"},"content":{"rendered":"\t\t<div data-elementor-type=\"wp-page\" data-elementor-id=\"2094\" class=\"elementor elementor-2094 elementor-848\" data-elementor-post-type=\"page\">\n\t\t\t\t<div class=\"elementor-element elementor-element-97e4812 e-flex e-con-boxed e-con e-parent\" data-id=\"97e4812\" data-element_type=\"container\" data-e-type=\"container\" data-settings=\"{&quot;background_background&quot;:&quot;classic&quot;}\">\n\t\t\t\t\t<div class=\"e-con-inner\">\n\t\t\t\t<div class=\"elementor-element elementor-element-d6e9506 elementor-widget elementor-widget-heading\" data-id=\"d6e9506\" data-element_type=\"widget\" data-e-type=\"widget\" data-widget_type=\"heading.default\">\n\t\t\t\t\t<h2 class=\"elementor-heading-title elementor-size-default\">Trainingslager \u2013 Angebotsanfrage<\/h2>\t\t\t\t<\/div>\n\t\t\t\t<div class=\"elementor-element elementor-element-34db9d0 elementor-button-align-end elementor-widget elementor-widget-form\" data-id=\"34db9d0\" data-element_type=\"widget\" data-e-type=\"widget\" data-settings=\"{&quot;button_width&quot;:&quot;50&quot;,&quot;step_next_label&quot;:&quot;Next&quot;,&quot;step_previous_label&quot;:&quot;Previous&quot;,&quot;step_type&quot;:&quot;number_text&quot;,&quot;step_icon_shape&quot;:&quot;circle&quot;}\" data-widget_type=\"form.default\">\n\t\t\t\t\t\t\t<form class=\"elementor-form\" method=\"post\" name=\"Trainingslager-Formular\" aria-label=\"Trainingslager-Formular\">\n\t\t\t<input type=\"hidden\" name=\"post_id\" value=\"2094\"\/>\n\t\t\t<input type=\"hidden\" name=\"form_id\" value=\"34db9d0\"\/>\n\t\t\t<input type=\"hidden\" name=\"referer_title\" value=\"Park Hotel\" \/>\n\n\t\t\t\n\t\t\t<div class=\"elementor-form-fields-wrapper elementor-labels-above\">\n\t\t\t\t\t\t\t\t<div class=\"elementor-field-type-text elementor-field-group elementor-column elementor-field-group-name elementor-col-50 elementor-field-required\">\n\t\t\t\t\t\t\t\t\t\t\t\t<label for=\"form-field-name\" class=\"elementor-field-label\">\n\t\t\t\t\t\t\t\tName der Kontaktperson*\t\t\t\t\t\t\t<\/label>\n\t\t\t\t\t\t\t\t\t\t\t\t\t\t<input size=\"1\" type=\"text\" name=\"form_fields[name]\" id=\"form-field-name\" class=\"elementor-field elementor-size-md  elementor-field-textual\" placeholder=\"Erika Mustermann \" required=\"required\">\n\t\t\t\t\t\t\t\t\t\t\t<\/div>\n\t\t\t\t\t\t\t\t<div class=\"elementor-field-type-email elementor-field-group elementor-column elementor-field-group-email elementor-col-50 elementor-field-required\">\n\t\t\t\t\t\t\t\t\t\t\t\t<label for=\"form-field-email\" class=\"elementor-field-label\">\n\t\t\t\t\t\t\t\tE-Mail-Adresse*\t\t\t\t\t\t\t<\/label>\n\t\t\t\t\t\t\t\t\t\t\t\t\t\t<input size=\"1\" type=\"email\" name=\"form_fields[email]\" id=\"form-field-email\" class=\"elementor-field elementor-size-md  elementor-field-textual\" placeholder=\"erika.mustermann@email.hu\" required=\"required\">\n\t\t\t\t\t\t\t\t\t\t\t<\/div>\n\t\t\t\t\t\t\t\t<div class=\"elementor-field-type-tel elementor-field-group elementor-column elementor-field-group-field_cdd8e41 elementor-col-50 elementor-field-required\">\n\t\t\t\t\t\t\t\t\t\t\t\t<label for=\"form-field-field_cdd8e41\" class=\"elementor-field-label\">\n\t\t\t\t\t\t\t\tTelefonnummer\t\t\t\t\t\t\t<\/label>\n\t\t\t\t\t\t\t\t<input size=\"1\" type=\"tel\" name=\"form_fields[field_cdd8e41]\" id=\"form-field-field_cdd8e41\" class=\"elementor-field elementor-size-md  elementor-field-textual\" placeholder=\"+36 30 123 4567\" required=\"required\" pattern=\"[0-9()#&amp;+*-=.]+\" title=\"Nur Nummern oder Telefon-Zeichen (#, -, *, etc) werden akzeptiert.\">\n\n\t\t\t\t\t\t<\/div>\n\t\t\t\t\t\t\t\t<div class=\"elementor-field-type-text elementor-field-group elementor-column elementor-field-group-field_22bc248 elementor-col-50 elementor-field-required\">\n\t\t\t\t\t\t\t\t\t\t\t\t<label for=\"form-field-field_22bc248\" class=\"elementor-field-label\">\n\t\t\t\t\t\t\t\tSportart \/ Teamname\t\t\t\t\t\t\t<\/label>\n\t\t\t\t\t\t\t\t\t\t\t\t\t\t<input size=\"1\" type=\"text\" name=\"form_fields[field_22bc248]\" id=\"form-field-field_22bc248\" class=\"elementor-field elementor-size-md  elementor-field-textual\" placeholder=\"z. B. Fu\u00dfball\" required=\"required\">\n\t\t\t\t\t\t\t\t\t\t\t<\/div>\n\t\t\t\t\t\t\t\t<div class=\"elementor-field-type-text elementor-field-group elementor-column elementor-field-group-field_be336ea elementor-col-50 elementor-field-required\">\n\t\t\t\t\t\t\t\t\t\t\t\t<label for=\"form-field-field_be336ea\" class=\"elementor-field-label\">\n\t\t\t\t\t\t\t\tTeilnehmer \u2013 Sportler (Anzahl)\t\t\t\t\t\t\t<\/label>\n\t\t\t\t\t\t\t\t\t\t\t\t\t\t<input size=\"1\" type=\"text\" name=\"form_fields[field_be336ea]\" id=\"form-field-field_be336ea\" class=\"elementor-field elementor-size-md  elementor-field-textual\" placeholder=\"Name\" required=\"required\">\n\t\t\t\t\t\t\t\t\t\t\t<\/div>\n\t\t\t\t\t\t\t\t<div class=\"elementor-field-type-text elementor-field-group elementor-column elementor-field-group-field_e7db2ef elementor-col-50 elementor-field-required\">\n\t\t\t\t\t\t\t\t\t\t\t\t<label for=\"form-field-field_e7db2ef\" class=\"elementor-field-label\">\n\t\t\t\t\t\t\t\tTeilnehmer \u2013 Trainer\/Begleitpersonen (Anzahl)\t\t\t\t\t\t\t<\/label>\n\t\t\t\t\t\t\t\t\t\t\t\t\t\t<input size=\"1\" type=\"text\" name=\"form_fields[field_e7db2ef]\" id=\"form-field-field_e7db2ef\" class=\"elementor-field elementor-size-md  elementor-field-textual\" placeholder=\"Name\" required=\"required\">\n\t\t\t\t\t\t\t\t\t\t\t<\/div>\n\t\t\t\t\t\t\t\t<div class=\"elementor-field-type-text elementor-field-group elementor-column elementor-field-group-field_5b57dc0 elementor-col-50 elementor-field-required\">\n\t\t\t\t\t\t\t\t\t\t\t\t<label for=\"form-field-field_5b57dc0\" class=\"elementor-field-label\">\n\t\t\t\t\t\t\t\tGew\u00fcnschter Zeitraum \/ Daten\t\t\t\t\t\t\t<\/label>\n\t\t\t\t\t\t\t\t\t\t\t\t\t\t<input size=\"1\" type=\"text\" name=\"form_fields[field_5b57dc0]\" id=\"form-field-field_5b57dc0\" class=\"elementor-field elementor-size-md  elementor-field-textual\" placeholder=\"von, bis\" required=\"required\">\n\t\t\t\t\t\t\t\t\t\t\t<\/div>\n\t\t\t\t\t\t\t\t<div class=\"elementor-field-type-text elementor-field-group elementor-column elementor-field-group-field_56d7a5d elementor-col-50 elementor-field-required\">\n\t\t\t\t\t\t\t\t\t\t\t\t<label for=\"form-field-field_56d7a5d\" class=\"elementor-field-label\">\n\t\t\t\t\t\t\t\tAnzahl der N\u00e4chte\t\t\t\t\t\t\t<\/label>\n\t\t\t\t\t\t\t\t\t\t\t\t\t\t<input size=\"1\" type=\"text\" name=\"form_fields[field_56d7a5d]\" id=\"form-field-field_56d7a5d\" class=\"elementor-field elementor-size-md  elementor-field-textual\" placeholder=\"z. B. 3 N\u00e4chte\" required=\"required\">\n\t\t\t\t\t\t\t\t\t\t\t<\/div>\n\t\t\t\t\t\t\t\t<div class=\"elementor-field-type-select elementor-field-group elementor-column elementor-field-group-field_0360a1f elementor-col-50 elementor-field-required\">\n\t\t\t\t\t\t\t\t\t\t\t\t<label for=\"form-field-field_0360a1f\" class=\"elementor-field-label\">\n\t\t\t\t\t\t\t\tArt der Verpflegung\t\t\t\t\t\t\t<\/label>\n\t\t\t\t\t\t\t\t<div class=\"elementor-field elementor-select-wrapper remove-before \">\n\t\t\t<div class=\"select-caret-down-wrapper\">\n\t\t\t\t<svg aria-hidden=\"true\" class=\"e-font-icon-svg e-eicon-caret-down\" viewBox=\"0 0 571.4 571.4\" xmlns=\"http:\/\/www.w3.org\/2000\/svg\"><path d=\"M571 393Q571 407 561 418L311 668Q300 679 286 679T261 668L11 418Q0 407 0 393T11 368 36 357H536Q550 357 561 368T571 393Z\"><\/path><\/svg>\t\t\t<\/div>\n\t\t\t<select name=\"form_fields[field_0360a1f]\" id=\"form-field-field_0360a1f\" class=\"elementor-field-textual elementor-size-md\" required=\"required\">\n\t\t\t\t\t\t\t\t\t<option value=\"W\u00e4hlen Sie aus der Liste...\">W\u00e4hlen Sie aus der Liste...<\/option>\n\t\t\t\t\t\t\t\t\t<option value=\"Fr\u00fchst\u00fcck\">Fr\u00fchst\u00fcck<\/option>\n\t\t\t\t\t\t\t\t\t<option value=\"Halbpension\">Halbpension<\/option>\n\t\t\t\t\t\t\t\t\t<option value=\"Vollpension\">Vollpension<\/option>\n\t\t\t\t\t\t\t<\/select>\n\t\t<\/div>\n\t\t\t\t\t\t<\/div>\n\t\t\t\t\t\t\t\t<div class=\"elementor-field-type-text elementor-field-group elementor-column elementor-field-group-field_5706b3f elementor-col-50 elementor-field-required\">\n\t\t\t\t\t\t\t\t\t\t\t\t<label for=\"form-field-field_5706b3f\" class=\"elementor-field-label\">\n\t\t\t\t\t\t\t\tBesondere Ern\u00e4hrungsw\u00fcnsche\t\t\t\t\t\t\t<\/label>\n\t\t\t\t\t\t\t\t\t\t\t\t\t\t<input size=\"1\" type=\"text\" name=\"form_fields[field_5706b3f]\" id=\"form-field-field_5706b3f\" class=\"elementor-field elementor-size-md  elementor-field-textual\" placeholder=\"Glutenunvertr\u00e4glichkeit, Laktoseunvertr\u00e4glichkeit usw.\" required=\"required\">\n\t\t\t\t\t\t\t\t\t\t\t<\/div>\n\t\t\t\t\t\t\t\t<div class=\"elementor-field-type-textarea elementor-field-group elementor-column elementor-field-group-message elementor-col-50\">\n\t\t\t\t\t\t\t\t\t\t\t\t<label for=\"form-field-message\" class=\"elementor-field-label\">\n\t\t\t\t\t\t\t\tTrainingsanforderungen\t\t\t\t\t\t\t<\/label>\n\t\t\t\t\t\t<textarea class=\"elementor-field-textual elementor-field  elementor-size-md\" name=\"form_fields[message]\" id=\"form-field-message\" rows=\"4\" placeholder=\"Details zu den Anforderungen...\"><\/textarea>\t\t\t\t<\/div>\n\t\t\t\t\t\t\t\t<div class=\"elementor-field-type-textarea elementor-field-group elementor-column elementor-field-group-field_b8b0b2a elementor-col-50\">\n\t\t\t\t\t\t\t\t\t\t\t\t<label for=\"form-field-field_b8b0b2a\" class=\"elementor-field-label\">\n\t\t\t\t\t\t\t\tWeitere W\u00fcnsche \/ Anmerkungen\t\t\t\t\t\t\t<\/label>\n\t\t\t\t\t\t<textarea class=\"elementor-field-textual elementor-field  elementor-size-md\" name=\"form_fields[field_b8b0b2a]\" id=\"form-field-field_b8b0b2a\" rows=\"4\" placeholder=\"Details zur Angebotsanfrage...\"><\/textarea>\t\t\t\t<\/div>\n\t\t\t\t\t\t\t\t<div class=\"elementor-field-type-checkbox elementor-field-group elementor-column elementor-field-group-field_c568d38 elementor-col-50\">\n\t\t\t\t\t<div class=\"elementor-field-subgroup  \"><span class=\"elementor-field-option\"><input type=\"checkbox\" value=\"Ich akzeptiere die &lt;a href=&quot;https:\/\/parkhotelmovar.hu\/de\/datenschutzrichtlinien\/&quot;&gt;Datenschutzbestimmungen&lt;\/a&gt;.*\" id=\"form-field-field_c568d38-0\" name=\"form_fields[field_c568d38]\"> <label for=\"form-field-field_c568d38-0\">Ich akzeptiere die <a href=\"https:\/\/parkhotelmovar.hu\/de\/datenschutzrichtlinien\/\">Datenschutzbestimmungen<\/a>.*<\/label><\/span><\/div>\t\t\t\t<\/div>\n\t\t\t\t\t\t\t\t<div class=\"elementor-field-group elementor-column elementor-field-type-submit elementor-col-50 e-form__buttons\">\n\t\t\t\t\t<button class=\"elementor-button elementor-size-sm\" type=\"submit\">\n\t\t\t\t\t\t<span class=\"elementor-button-content-wrapper\">\n\t\t\t\t\t\t\t\t\t\t\t\t\t\t\t\t\t\t\t\t\t\t<span class=\"elementor-button-text\">Senden<\/span>\n\t\t\t\t\t\t\t\t\t\t\t\t\t<\/span>\n\t\t\t\t\t<\/button>\n\t\t\t\t<\/div>\n\t\t\t<\/div>\n\t\t<\/form>\n\t\t\t\t\t\t<\/div>\n\t\t\t\t\t<\/div>\n\t\t\t\t<\/div>\n\t\t\t\t<\/div>\n\t\t","protected":false},"excerpt":{"rendered":"<p>Trainingslager \u2013 Angebotsanfrage<\/p>\n","protected":false},"author":2,"featured_media":0,"parent":0,"menu_order":0,"comment_status":"closed","ping_status":"closed","template":"elementor_header_footer","meta":{"footnotes":""},"class_list":["post-2094","page","type-page","status-publish","hentry"],"yoast_head":"<!-- This site is optimized with the Yoast SEO plugin v26.9 - https:\/\/yoast.com\/product\/yoast-seo-wordpress\/ -->\n<title>Trainingslager \u2013 Angebotsanfrage - Park Hotel<\/title>\n<meta name=\"robots\" content=\"index, follow, max-snippet:-1, max-image-preview:large, max-video-preview:-1\" \/>\n<link rel=\"canonical\" href=\"https:\/\/parkhotelmovar.hu\/de\/trainingslager-angebotsanfrage\/\" \/>\n<meta property=\"og:locale\" content=\"de_DE\" \/>\n<meta property=\"og:type\" content=\"article\" \/>\n<meta property=\"og:title\" content=\"Trainingslager \u2013 Angebotsanfrage - Park Hotel\" \/>\n<meta property=\"og:description\" content=\"Trainingslager \u2013 Angebotsanfrage\" \/>\n<meta property=\"og:url\" content=\"https:\/\/parkhotelmovar.hu\/de\/trainingslager-angebotsanfrage\/\" \/>\n<meta property=\"og:site_name\" content=\"Park Hotel\" \/>\n<meta property=\"article:modified_time\" content=\"2026-04-08T18:08:45+00:00\" \/>\n<meta name=\"twitter:card\" content=\"summary_large_image\" \/>\n<meta name=\"twitter:label1\" content=\"Gesch\u00e4tzte Lesezeit\" \/>\n\t<meta name=\"twitter:data1\" content=\"1\u00a0Minute\" \/>\n<script type=\"application\/ld+json\" class=\"yoast-schema-graph\">{\"@context\":\"https:\/\/schema.org\",\"@graph\":[{\"@type\":\"WebPage\",\"@id\":\"https:\/\/parkhotelmovar.hu\/de\/trainingslager-angebotsanfrage\/\",\"url\":\"https:\/\/parkhotelmovar.hu\/de\/trainingslager-angebotsanfrage\/\",\"name\":\"Trainingslager \u2013 Angebotsanfrage - Park Hotel\",\"isPartOf\":{\"@id\":\"https:\/\/parkhotelmovar.hu\/de\/#website\"},\"datePublished\":\"2026-02-14T20:33:33+00:00\",\"dateModified\":\"2026-04-08T18:08:45+00:00\",\"breadcrumb\":{\"@id\":\"https:\/\/parkhotelmovar.hu\/de\/trainingslager-angebotsanfrage\/#breadcrumb\"},\"inLanguage\":\"de\",\"potentialAction\":[{\"@type\":\"ReadAction\",\"target\":[\"https:\/\/parkhotelmovar.hu\/de\/trainingslager-angebotsanfrage\/\"]}]},{\"@type\":\"BreadcrumbList\",\"@id\":\"https:\/\/parkhotelmovar.hu\/de\/trainingslager-angebotsanfrage\/#breadcrumb\",\"itemListElement\":[{\"@type\":\"ListItem\",\"position\":1,\"name\":\"Home\",\"item\":\"https:\/\/parkhotelmovar.hu\/de\/\"},{\"@type\":\"ListItem\",\"position\":2,\"name\":\"Trainingslager \u2013 Angebotsanfrage\"}]},{\"@type\":\"WebSite\",\"@id\":\"https:\/\/parkhotelmovar.hu\/de\/#website\",\"url\":\"https:\/\/parkhotelmovar.hu\/de\/\",\"name\":\"Park Hotel\",\"description\":\"Elegancia Mosonmagyar\u00f3v\u00e1r z\u00f6ld sz\u00edv\u00e9ben\",\"publisher\":{\"@id\":\"https:\/\/parkhotelmovar.hu\/de\/#organization\"},\"potentialAction\":[{\"@type\":\"SearchAction\",\"target\":{\"@type\":\"EntryPoint\",\"urlTemplate\":\"https:\/\/parkhotelmovar.hu\/de\/?s={search_term_string}\"},\"query-input\":{\"@type\":\"PropertyValueSpecification\",\"valueRequired\":true,\"valueName\":\"search_term_string\"}}],\"inLanguage\":\"de\"},{\"@type\":\"Organization\",\"@id\":\"https:\/\/parkhotelmovar.hu\/de\/#organization\",\"name\":\"Park Hotel\",\"url\":\"https:\/\/parkhotelmovar.hu\/de\/\",\"logo\":{\"@type\":\"ImageObject\",\"inLanguage\":\"de\",\"@id\":\"https:\/\/parkhotelmovar.hu\/de\/#\/schema\/logo\/image\/\",\"url\":\"https:\/\/parkhotelmovar.hu\/wp-content\/uploads\/2026\/02\/park-hotel-site-logo.svg\",\"contentUrl\":\"https:\/\/parkhotelmovar.hu\/wp-content\/uploads\/2026\/02\/park-hotel-site-logo.svg\",\"width\":135,\"height\":158,\"caption\":\"Park Hotel\"},\"image\":{\"@id\":\"https:\/\/parkhotelmovar.hu\/de\/#\/schema\/logo\/image\/\"}}]}<\/script>\n<!-- \/ Yoast SEO plugin. -->","yoast_head_json":{"title":"Trainingslager \u2013 Angebotsanfrage - Park Hotel","robots":{"index":"index","follow":"follow","max-snippet":"max-snippet:-1","max-image-preview":"max-image-preview:large","max-video-preview":"max-video-preview:-1"},"canonical":"https:\/\/parkhotelmovar.hu\/de\/trainingslager-angebotsanfrage\/","og_locale":"de_DE","og_type":"article","og_title":"Trainingslager \u2013 Angebotsanfrage - Park Hotel","og_description":"Trainingslager \u2013 Angebotsanfrage","og_url":"https:\/\/parkhotelmovar.hu\/de\/trainingslager-angebotsanfrage\/","og_site_name":"Park Hotel","article_modified_time":"2026-04-08T18:08:45+00:00","twitter_card":"summary_large_image","twitter_misc":{"Gesch\u00e4tzte Lesezeit":"1\u00a0Minute"},"schema":{"@context":"https:\/\/schema.org","@graph":[{"@type":"WebPage","@id":"https:\/\/parkhotelmovar.hu\/de\/trainingslager-angebotsanfrage\/","url":"https:\/\/parkhotelmovar.hu\/de\/trainingslager-angebotsanfrage\/","name":"Trainingslager \u2013 Angebotsanfrage - Park Hotel","isPartOf":{"@id":"https:\/\/parkhotelmovar.hu\/de\/#website"},"datePublished":"2026-02-14T20:33:33+00:00","dateModified":"2026-04-08T18:08:45+00:00","breadcrumb":{"@id":"https:\/\/parkhotelmovar.hu\/de\/trainingslager-angebotsanfrage\/#breadcrumb"},"inLanguage":"de","potentialAction":[{"@type":"ReadAction","target":["https:\/\/parkhotelmovar.hu\/de\/trainingslager-angebotsanfrage\/"]}]},{"@type":"BreadcrumbList","@id":"https:\/\/parkhotelmovar.hu\/de\/trainingslager-angebotsanfrage\/#breadcrumb","itemListElement":[{"@type":"ListItem","position":1,"name":"Home","item":"https:\/\/parkhotelmovar.hu\/de\/"},{"@type":"ListItem","position":2,"name":"Trainingslager \u2013 Angebotsanfrage"}]},{"@type":"WebSite","@id":"https:\/\/parkhotelmovar.hu\/de\/#website","url":"https:\/\/parkhotelmovar.hu\/de\/","name":"Park Hotel","description":"Elegancia Mosonmagyar\u00f3v\u00e1r z\u00f6ld sz\u00edv\u00e9ben","publisher":{"@id":"https:\/\/parkhotelmovar.hu\/de\/#organization"},"potentialAction":[{"@type":"SearchAction","target":{"@type":"EntryPoint","urlTemplate":"https:\/\/parkhotelmovar.hu\/de\/?s={search_term_string}"},"query-input":{"@type":"PropertyValueSpecification","valueRequired":true,"valueName":"search_term_string"}}],"inLanguage":"de"},{"@type":"Organization","@id":"https:\/\/parkhotelmovar.hu\/de\/#organization","name":"Park Hotel","url":"https:\/\/parkhotelmovar.hu\/de\/","logo":{"@type":"ImageObject","inLanguage":"de","@id":"https:\/\/parkhotelmovar.hu\/de\/#\/schema\/logo\/image\/","url":"https:\/\/parkhotelmovar.hu\/wp-content\/uploads\/2026\/02\/park-hotel-site-logo.svg","contentUrl":"https:\/\/parkhotelmovar.hu\/wp-content\/uploads\/2026\/02\/park-hotel-site-logo.svg","width":135,"height":158,"caption":"Park Hotel"},"image":{"@id":"https:\/\/parkhotelmovar.hu\/de\/#\/schema\/logo\/image\/"}}]}},"_links":{"self":[{"href":"https:\/\/parkhotelmovar.hu\/de\/wp-json\/wp\/v2\/pages\/2094","targetHints":{"allow":["GET"]}}],"collection":[{"href":"https:\/\/parkhotelmovar.hu\/de\/wp-json\/wp\/v2\/pages"}],"about":[{"href":"https:\/\/parkhotelmovar.hu\/de\/wp-json\/wp\/v2\/types\/page"}],"author":[{"embeddable":true,"href":"https:\/\/parkhotelmovar.hu\/de\/wp-json\/wp\/v2\/users\/2"}],"replies":[{"embeddable":true,"href":"https:\/\/parkhotelmovar.hu\/de\/wp-json\/wp\/v2\/comments?post=2094"}],"version-history":[{"count":19,"href":"https:\/\/parkhotelmovar.hu\/de\/wp-json\/wp\/v2\/pages\/2094\/revisions"}],"predecessor-version":[{"id":2703,"href":"https:\/\/parkhotelmovar.hu\/de\/wp-json\/wp\/v2\/pages\/2094\/revisions\/2703"}],"wp:attachment":[{"href":"https:\/\/parkhotelmovar.hu\/de\/wp-json\/wp\/v2\/media?parent=2094"}],"curies":[{"name":"wp","href":"https:\/\/api.w.org\/{rel}","templated":true}]}}