{"id":2174,"date":"2026-02-14T21:52:50","date_gmt":"2026-02-14T21:52:50","guid":{"rendered":"https:\/\/parkhotelmovar.hu\/veranstaltungen-angebotsanfrage\/"},"modified":"2026-03-10T16:30:01","modified_gmt":"2026-03-10T16:30:01","slug":"veranstaltungen-angebotsanfrage","status":"publish","type":"page","link":"https:\/\/parkhotelmovar.hu\/de\/veranstaltungen-angebotsanfrage\/","title":{"rendered":"Veranstaltungen Angebotsanfrage"},"content":{"rendered":"\t\t<div data-elementor-type=\"wp-page\" data-elementor-id=\"2174\" class=\"elementor elementor-2174 elementor-884\" data-elementor-post-type=\"page\">\n\t\t\t\t<div class=\"elementor-element elementor-element-e2b3386 e-flex e-con-boxed e-con e-parent\" data-id=\"e2b3386\" data-element_type=\"container\" data-e-type=\"container\" data-settings=\"{&quot;background_background&quot;:&quot;classic&quot;}\">\n\t\t\t\t\t<div class=\"e-con-inner\">\n\t\t\t\t<div class=\"elementor-element elementor-element-d36fcd8 elementor-widget elementor-widget-heading\" data-id=\"d36fcd8\" data-element_type=\"widget\" data-e-type=\"widget\" data-widget_type=\"heading.default\">\n\t\t\t\t\t<h2 class=\"elementor-heading-title elementor-size-default\">Veranstaltungen Angebotsanfrage<\/h2>\t\t\t\t<\/div>\n\t\t\t\t<div class=\"elementor-element elementor-element-cbd08df elementor-button-align-end custom-form elementor-widget elementor-widget-form\" data-id=\"cbd08df\" data-element_type=\"widget\" data-e-type=\"widget\" data-settings=\"{&quot;step_next_label&quot;:&quot;Next&quot;,&quot;step_previous_label&quot;:&quot;Previous&quot;,&quot;button_width&quot;:&quot;100&quot;,&quot;step_type&quot;:&quot;number_text&quot;,&quot;step_icon_shape&quot;:&quot;circle&quot;}\" data-widget_type=\"form.default\">\n\t\t\t\t\t\t\t<form class=\"elementor-form\" method=\"post\" name=\"Veranstaltungsformular\" aria-label=\"Veranstaltungsformular\">\n\t\t\t<input type=\"hidden\" name=\"post_id\" value=\"2174\"\/>\n\t\t\t<input type=\"hidden\" name=\"form_id\" value=\"cbd08df\"\/>\n\t\t\t<input type=\"hidden\" name=\"referer_title\" value=\"Park Hotel\" \/>\n\n\t\t\t\n\t\t\t<div class=\"elementor-form-fields-wrapper elementor-labels-above\">\n\t\t\t\t\t\t\t\t<div class=\"elementor-field-type-text elementor-field-group elementor-column elementor-field-group-name elementor-col-50\">\n\t\t\t\t\t\t\t\t\t\t\t\t<label for=\"form-field-name\" class=\"elementor-field-label\">\n\t\t\t\t\t\t\t\tName des Kontaktpartners*\t\t\t\t\t\t\t<\/label>\n\t\t\t\t\t\t\t\t\t\t\t\t\t\t<input size=\"1\" type=\"text\" name=\"form_fields[name]\" id=\"form-field-name\" class=\"elementor-field elementor-size-md  elementor-field-textual\" placeholder=\"Erika Mustermann\">\n\t\t\t\t\t\t\t\t\t\t\t<\/div>\n\t\t\t\t\t\t\t\t<div class=\"elementor-field-type-text elementor-field-group elementor-column elementor-field-group-field_22bc248 elementor-col-50 elementor-field-required\">\n\t\t\t\t\t\t\t\t\t\t\t\t<label for=\"form-field-field_22bc248\" class=\"elementor-field-label\">\n\t\t\t\t\t\t\t\tFirmenname\t\t\t\t\t\t\t<\/label>\n\t\t\t\t\t\t\t\t\t\t\t\t\t\t<input size=\"1\" type=\"text\" name=\"form_fields[field_22bc248]\" id=\"form-field-field_22bc248\" class=\"elementor-field elementor-size-md  elementor-field-textual\" placeholder=\"Beispiel GmbH\" required=\"required\">\n\t\t\t\t\t\t\t\t\t\t\t<\/div>\n\t\t\t\t\t\t\t\t<div class=\"elementor-field-type-tel elementor-field-group elementor-column elementor-field-group-field_cdd8e41 elementor-col-50 elementor-field-required\">\n\t\t\t\t\t\t\t\t\t\t\t\t<label for=\"form-field-field_cdd8e41\" class=\"elementor-field-label\">\n\t\t\t\t\t\t\t\tTelefonnummer*\t\t\t\t\t\t\t<\/label>\n\t\t\t\t\t\t\t\t<input size=\"1\" type=\"tel\" name=\"form_fields[field_cdd8e41]\" id=\"form-field-field_cdd8e41\" class=\"elementor-field elementor-size-md  elementor-field-textual\" placeholder=\"+36 30 123 4567\" required=\"required\" pattern=\"[0-9()#&amp;+*-=.]+\" title=\"Nur Nummern oder Telefon-Zeichen (#, -, *, etc) werden akzeptiert.\">\n\n\t\t\t\t\t\t<\/div>\n\t\t\t\t\t\t\t\t<div class=\"elementor-field-type-email elementor-field-group elementor-column elementor-field-group-email elementor-col-50 elementor-field-required\">\n\t\t\t\t\t\t\t\t\t\t\t\t<label for=\"form-field-email\" class=\"elementor-field-label\">\n\t\t\t\t\t\t\t\tE-Mail-Adresse*\t\t\t\t\t\t\t<\/label>\n\t\t\t\t\t\t\t\t\t\t\t\t\t\t<input size=\"1\" type=\"email\" name=\"form_fields[email]\" id=\"form-field-email\" class=\"elementor-field elementor-size-md  elementor-field-textual\" placeholder=\"erika.mustermann@email.hu\" required=\"required\">\n\t\t\t\t\t\t\t\t\t\t\t<\/div>\n\t\t\t\t\t\t\t\t<div class=\"elementor-field-type-html elementor-field-group elementor-column elementor-field-group-field_1abe0ac elementor-col-100\">\n\t\t\t\t\t<\/br><b>Veranstaltungsdaten<\/b>\t\t\t\t<\/div>\n\t\t\t\t\t\t\t\t<div class=\"elementor-field-type-text elementor-field-group elementor-column elementor-field-group-field_086aaf6 elementor-col-50 elementor-field-required\">\n\t\t\t\t\t\t\t\t\t\t\t\t<label for=\"form-field-field_086aaf6\" class=\"elementor-field-label\">\n\t\t\t\t\t\t\t\tTermin*\t\t\t\t\t\t\t<\/label>\n\t\t\t\t\t\t\t\t\t\t\t\t\t\t<input size=\"1\" type=\"text\" name=\"form_fields[field_086aaf6]\" id=\"form-field-field_086aaf6\" class=\"elementor-field elementor-size-md  elementor-field-textual\" placeholder=\"von bis\" required=\"required\">\n\t\t\t\t\t\t\t\t\t\t\t<\/div>\n\t\t\t\t\t\t\t\t<div class=\"elementor-field-type-text elementor-field-group elementor-column elementor-field-group-field_15d1ea4 elementor-col-50 elementor-field-required\">\n\t\t\t\t\t\t\t\t\t\t\t\t<label for=\"form-field-field_15d1ea4\" class=\"elementor-field-label\">\n\t\t\t\t\t\t\t\tAlternativer Termin*\t\t\t\t\t\t\t<\/label>\n\t\t\t\t\t\t\t\t\t\t\t\t\t\t<input size=\"1\" type=\"text\" name=\"form_fields[field_15d1ea4]\" id=\"form-field-field_15d1ea4\" class=\"elementor-field elementor-size-md  elementor-field-textual\" placeholder=\"von bis\" required=\"required\">\n\t\t\t\t\t\t\t\t\t\t\t<\/div>\n\t\t\t\t\t\t\t\t<div class=\"elementor-field-type-select elementor-field-group elementor-column elementor-field-group-field_55dd6ea elementor-col-50 elementor-field-required\">\n\t\t\t\t\t\t\t\t\t\t\t\t<label for=\"form-field-field_55dd6ea\" class=\"elementor-field-label\">\n\t\t\t\t\t\t\t\tArt der Veranstaltung*\t\t\t\t\t\t\t<\/label>\n\t\t\t\t\t\t\t\t<div class=\"elementor-field elementor-select-wrapper remove-before \">\n\t\t\t<div class=\"select-caret-down-wrapper\">\n\t\t\t\t<svg aria-hidden=\"true\" class=\"e-font-icon-svg e-eicon-caret-down\" viewBox=\"0 0 571.4 571.4\" xmlns=\"http:\/\/www.w3.org\/2000\/svg\"><path d=\"M571 393Q571 407 561 418L311 668Q300 679 286 679T261 668L11 418Q0 407 0 393T11 368 36 357H536Q550 357 561 368T571 393Z\"><\/path><\/svg>\t\t\t<\/div>\n\t\t\t<select name=\"form_fields[field_55dd6ea]\" id=\"form-field-field_55dd6ea\" class=\"elementor-field-textual elementor-size-md\" required=\"required\">\n\t\t\t\t\t\t\t\t\t<option value=\"W\u00e4hlen Sie aus der Liste...\">W\u00e4hlen Sie aus der Liste...<\/option>\n\t\t\t\t\t\t\t\t\t<option value=\"Konferenz\">Konferenz<\/option>\n\t\t\t\t\t\t\t\t\t<option value=\"Familienfeier\">Familienfeier<\/option>\n\t\t\t\t\t\t\t\t\t<option value=\"Hochzeit\">Hochzeit<\/option>\n\t\t\t\t\t\t\t\t\t<option value=\"Teambuilding-Veranstaltung\">Teambuilding-Veranstaltung<\/option>\n\t\t\t\t\t\t\t\t\t<option value=\"Weiterbildung \u2013 Schulung\">Weiterbildung \u2013 Schulung<\/option>\n\t\t\t\t\t\t\t<\/select>\n\t\t<\/div>\n\t\t\t\t\t\t<\/div>\n\t\t\t\t\t\t\t\t<div class=\"elementor-field-type-text elementor-field-group elementor-column elementor-field-group-field_6a3ae36 elementor-col-25 elementor-field-required\">\n\t\t\t\t\t\t\t\t\t\t\t\t<label for=\"form-field-field_6a3ae36\" class=\"elementor-field-label\">\n\t\t\t\t\t\t\t\tMitarbeiterzahl*\t\t\t\t\t\t\t<\/label>\n\t\t\t\t\t\t\t\t\t\t\t\t\t\t<input size=\"1\" type=\"text\" name=\"form_fields[field_6a3ae36]\" id=\"form-field-field_6a3ae36\" class=\"elementor-field elementor-size-md  elementor-field-textual\" placeholder=\"0\" required=\"required\">\n\t\t\t\t\t\t\t\t\t\t\t<\/div>\n\t\t\t\t\t\t\t\t<div class=\"elementor-field-type-text elementor-field-group elementor-column elementor-field-group-field_1680006 elementor-col-25 elementor-field-required\">\n\t\t\t\t\t\t\t\t\t\t\t\t<label for=\"form-field-field_1680006\" class=\"elementor-field-label\">\n\t\t\t\t\t\t\t\tAnzahl der R\u00e4ume*\t\t\t\t\t\t\t<\/label>\n\t\t\t\t\t\t\t\t\t\t\t\t\t\t<input size=\"1\" type=\"text\" name=\"form_fields[field_1680006]\" id=\"form-field-field_1680006\" class=\"elementor-field elementor-size-md  elementor-field-textual\" placeholder=\"0\" required=\"required\">\n\t\t\t\t\t\t\t\t\t\t\t<\/div>\n\t\t\t\t\t\t\t\t<div class=\"elementor-field-type-html elementor-field-group elementor-column elementor-field-group-field_12b9e9b elementor-col-50\">\n\t\t\t\t\t<\/br><b>Veranstaltungsdaten<\/b>\t\t\t\t<\/div>\n\t\t\t\t\t\t\t\t<div class=\"elementor-field-type-html elementor-field-group elementor-column elementor-field-group-field_7369cd7 elementor-col-50\">\n\t\t\t\t\t<\/br><b>Catering-Anforderungen<\/b>\t\t\t\t<\/div>\n\t\t\t\t\t\t\t\t<div class=\"elementor-field-type-text elementor-field-group elementor-column elementor-field-group-field_4d0dc3c elementor-col-25 elementor-field-required\">\n\t\t\t\t\t\t\t\t\t\t\t\t<label for=\"form-field-field_4d0dc3c\" class=\"elementor-field-label\">\n\t\t\t\t\t\t\t\tEinzelzimmer\t\t\t\t\t\t\t<\/label>\n\t\t\t\t\t\t\t\t\t\t\t\t\t\t<input size=\"1\" type=\"text\" name=\"form_fields[field_4d0dc3c]\" id=\"form-field-field_4d0dc3c\" class=\"elementor-field elementor-size-md  elementor-field-textual\" placeholder=\"0 St\u00fcck\" required=\"required\">\n\t\t\t\t\t\t\t\t\t\t\t<\/div>\n\t\t\t\t\t\t\t\t<div class=\"elementor-field-type-text elementor-field-group elementor-column elementor-field-group-field_82828fb elementor-col-25 elementor-field-required\">\n\t\t\t\t\t\t\t\t\t\t\t\t<label for=\"form-field-field_82828fb\" class=\"elementor-field-label\">\n\t\t\t\t\t\t\t\tDoppelzimmer\t\t\t\t\t\t\t<\/label>\n\t\t\t\t\t\t\t\t\t\t\t\t\t\t<input size=\"1\" type=\"text\" name=\"form_fields[field_82828fb]\" id=\"form-field-field_82828fb\" class=\"elementor-field elementor-size-md  elementor-field-textual\" placeholder=\"0 St\u00fcck\" required=\"required\">\n\t\t\t\t\t\t\t\t\t\t\t<\/div>\n\t\t\t\t\t\t\t\t<div class=\"elementor-field-type-text elementor-field-group elementor-column elementor-field-group-field_d0a50b7 elementor-col-100 elementor-field-required\">\n\t\t\t\t\t\t\t\t\t\t\t\t<label for=\"form-field-field_d0a50b7\" class=\"elementor-field-label\">\n\t\t\t\t\t\t\t\tMittagessen\t\t\t\t\t\t\t<\/label>\n\t\t\t\t\t\t\t\t\t\t\t\t\t\t<input size=\"1\" type=\"text\" name=\"form_fields[field_d0a50b7]\" id=\"form-field-field_d0a50b7\" class=\"elementor-field elementor-size-md  elementor-field-textual\" placeholder=\"0 Mal\" required=\"required\">\n\t\t\t\t\t\t\t\t\t\t\t<\/div>\n\t\t\t\t\t\t\t\t<div class=\"elementor-field-type-text elementor-field-group elementor-column elementor-field-group-field_6dfebf4 elementor-col-100 elementor-field-required\">\n\t\t\t\t\t\t\t\t\t\t\t\t<label for=\"form-field-field_6dfebf4\" class=\"elementor-field-label\">\n\t\t\t\t\t\t\t\tAbendessen\t\t\t\t\t\t\t<\/label>\n\t\t\t\t\t\t\t\t\t\t\t\t\t\t<input size=\"1\" type=\"text\" name=\"form_fields[field_6dfebf4]\" id=\"form-field-field_6dfebf4\" class=\"elementor-field elementor-size-md  elementor-field-textual\" placeholder=\"0 Mal\" required=\"required\">\n\t\t\t\t\t\t\t\t\t\t\t<\/div>\n\t\t\t\t\t\t\t\t<div class=\"elementor-field-type-text elementor-field-group elementor-column elementor-field-group-field_88553c6 elementor-col-100 elementor-field-required\">\n\t\t\t\t\t\t\t\t\t\t\t\t<label for=\"form-field-field_88553c6\" class=\"elementor-field-label\">\n\t\t\t\t\t\t\t\tKaffeepause\t\t\t\t\t\t\t<\/label>\n\t\t\t\t\t\t\t\t\t\t\t\t\t\t<input size=\"1\" type=\"text\" name=\"form_fields[field_88553c6]\" id=\"form-field-field_88553c6\" class=\"elementor-field elementor-size-md  elementor-field-textual\" placeholder=\"0 Mal\" required=\"required\">\n\t\t\t\t\t\t\t\t\t\t\t<\/div>\n\t\t\t\t\t\t\t\t<div class=\"elementor-field-type-html elementor-field-group elementor-column elementor-field-group-field_5767e0e elementor-col-100\">\n\t\t\t\t\t<\/br>\t\t\t\t<\/div>\n\t\t\t\t\t\t\t\t<div class=\"elementor-field-type-textarea elementor-field-group elementor-column elementor-field-group-field_61332c0 elementor-col-100 elementor-field-required\">\n\t\t\t\t\t\t\t\t\t\t\t\t<label for=\"form-field-field_61332c0\" class=\"elementor-field-label\">\n\t\t\t\t\t\t\t\tBitte geben Sie weitere W\u00fcnsche und Anforderungen bez\u00fcglich der Veranstaltung an.\t\t\t\t\t\t\t<\/label>\n\t\t\t\t\t\t<textarea class=\"elementor-field-textual elementor-field  elementor-size-md\" name=\"form_fields[field_61332c0]\" id=\"form-field-field_61332c0\" rows=\"4\" placeholder=\"z. B. Raumausstattung, Dekoration, technische Ger\u00e4te usw.\" required=\"required\"><\/textarea>\t\t\t\t<\/div>\n\t\t\t\t\t\t\t\t<div class=\"elementor-field-type-acceptance elementor-field-group elementor-column elementor-field-group-field_c568d38 elementor-col-100 elementor-field-required\">\n\t\t\t\t\t\t\t<div class=\"elementor-field-subgroup\">\n\t\t\t<span class=\"elementor-field-option\">\n\t\t\t\t<input type=\"checkbox\" name=\"form_fields[field_c568d38]\" id=\"form-field-field_c568d38\" class=\"elementor-field elementor-size-md  elementor-acceptance-field\" required=\"required\">\n\t\t\t\t<label for=\"form-field-field_c568d38\">Ich bin damit einverstanden, dass Park Hotel Kft. mir auf unbestimmte Zeit elektronische Newsletter mit Angeboten und Neuigkeiten an die von mir angegebene E-Mail-Adresse sendet und die angegebenen personenbezogenen Daten k\u00fcnftig f\u00fcr Marketingzwecke verwendet. <\/label>\t\t\t<\/span>\n\t\t<\/div>\n\t\t\t\t\t\t<\/div>\n\t\t\t\t\t\t\t\t<div class=\"elementor-field-type-acceptance elementor-field-group elementor-column elementor-field-group-field_b781e50 elementor-col-50 elementor-field-required\">\n\t\t\t\t\t\t\t<div class=\"elementor-field-subgroup\">\n\t\t\t<span class=\"elementor-field-option\">\n\t\t\t\t<input type=\"checkbox\" name=\"form_fields[field_b781e50]\" id=\"form-field-field_b781e50\" class=\"elementor-field elementor-size-md  elementor-acceptance-field\" required=\"required\">\n\t\t\t\t<label for=\"form-field-field_b781e50\">Ich akzeptiere die <a href=\"https:\/\/parkhotelmovar.hu\/de\/datenschutzrichtlinien\/\">Datenschutzbestimmungen<\/a>.*<\/label>\t\t\t<\/span>\n\t\t<\/div>\n\t\t\t\t\t\t<\/div>\n\t\t\t\t\t\t\t\t<div class=\"elementor-field-group elementor-column elementor-field-type-submit elementor-col-100 e-form__buttons\">\n\t\t\t\t\t<button class=\"elementor-button elementor-size-sm\" type=\"submit\">\n\t\t\t\t\t\t<span class=\"elementor-button-content-wrapper\">\n\t\t\t\t\t\t\t\t\t\t\t\t\t\t\t\t\t\t\t\t\t\t<span class=\"elementor-button-text\">Angebotsanfrage senden<\/span>\n\t\t\t\t\t\t\t\t\t\t\t\t\t<\/span>\n\t\t\t\t\t<\/button>\n\t\t\t\t<\/div>\n\t\t\t<\/div>\n\t\t<\/form>\n\t\t\t\t\t\t<\/div>\n\t\t\t\t\t<\/div>\n\t\t\t\t<\/div>\n\t\t\t\t<\/div>\n\t\t","protected":false},"excerpt":{"rendered":"<p>Veranstaltungen Angebotsanfrage<\/p>\n","protected":false},"author":2,"featured_media":0,"parent":0,"menu_order":0,"comment_status":"closed","ping_status":"closed","template":"","meta":{"footnotes":""},"class_list":["post-2174","page","type-page","status-publish","hentry"],"yoast_head":"<!-- This site is optimized with the Yoast SEO plugin v26.9 - https:\/\/yoast.com\/product\/yoast-seo-wordpress\/ -->\n<title>Veranstaltungen Angebotsanfrage - Park Hotel<\/title>\n<meta name=\"robots\" content=\"index, follow, max-snippet:-1, max-image-preview:large, max-video-preview:-1\" \/>\n<link rel=\"canonical\" href=\"https:\/\/parkhotelmovar.hu\/de\/veranstaltungen-angebotsanfrage\/\" \/>\n<meta property=\"og:locale\" content=\"de_DE\" \/>\n<meta property=\"og:type\" content=\"article\" \/>\n<meta property=\"og:title\" content=\"Veranstaltungen Angebotsanfrage - Park Hotel\" \/>\n<meta property=\"og:description\" content=\"Veranstaltungen Angebotsanfrage\" \/>\n<meta property=\"og:url\" content=\"https:\/\/parkhotelmovar.hu\/de\/veranstaltungen-angebotsanfrage\/\" \/>\n<meta property=\"og:site_name\" content=\"Park Hotel\" \/>\n<meta property=\"article:modified_time\" content=\"2026-03-10T16:30:01+00:00\" \/>\n<meta name=\"twitter:card\" content=\"summary_large_image\" \/>\n<meta name=\"twitter:label1\" content=\"Gesch\u00e4tzte Lesezeit\" \/>\n\t<meta name=\"twitter:data1\" content=\"1\u00a0Minute\" \/>\n<script type=\"application\/ld+json\" class=\"yoast-schema-graph\">{\"@context\":\"https:\/\/schema.org\",\"@graph\":[{\"@type\":\"WebPage\",\"@id\":\"https:\/\/parkhotelmovar.hu\/de\/veranstaltungen-angebotsanfrage\/\",\"url\":\"https:\/\/parkhotelmovar.hu\/de\/veranstaltungen-angebotsanfrage\/\",\"name\":\"Veranstaltungen Angebotsanfrage - Park Hotel\",\"isPartOf\":{\"@id\":\"https:\/\/parkhotelmovar.hu\/de\/#website\"},\"datePublished\":\"2026-02-14T21:52:50+00:00\",\"dateModified\":\"2026-03-10T16:30:01+00:00\",\"breadcrumb\":{\"@id\":\"https:\/\/parkhotelmovar.hu\/de\/veranstaltungen-angebotsanfrage\/#breadcrumb\"},\"inLanguage\":\"de\",\"potentialAction\":[{\"@type\":\"ReadAction\",\"target\":[\"https:\/\/parkhotelmovar.hu\/de\/veranstaltungen-angebotsanfrage\/\"]}]},{\"@type\":\"BreadcrumbList\",\"@id\":\"https:\/\/parkhotelmovar.hu\/de\/veranstaltungen-angebotsanfrage\/#breadcrumb\",\"itemListElement\":[{\"@type\":\"ListItem\",\"position\":1,\"name\":\"Home\",\"item\":\"https:\/\/parkhotelmovar.hu\/de\/\"},{\"@type\":\"ListItem\",\"position\":2,\"name\":\"Veranstaltungen Angebotsanfrage\"}]},{\"@type\":\"WebSite\",\"@id\":\"https:\/\/parkhotelmovar.hu\/de\/#website\",\"url\":\"https:\/\/parkhotelmovar.hu\/de\/\",\"name\":\"Park Hotel\",\"description\":\"Elegancia Mosonmagyar\u00f3v\u00e1r z\u00f6ld sz\u00edv\u00e9ben\",\"publisher\":{\"@id\":\"https:\/\/parkhotelmovar.hu\/de\/#organization\"},\"potentialAction\":[{\"@type\":\"SearchAction\",\"target\":{\"@type\":\"EntryPoint\",\"urlTemplate\":\"https:\/\/parkhotelmovar.hu\/de\/?s={search_term_string}\"},\"query-input\":{\"@type\":\"PropertyValueSpecification\",\"valueRequired\":true,\"valueName\":\"search_term_string\"}}],\"inLanguage\":\"de\"},{\"@type\":\"Organization\",\"@id\":\"https:\/\/parkhotelmovar.hu\/de\/#organization\",\"name\":\"Park Hotel\",\"url\":\"https:\/\/parkhotelmovar.hu\/de\/\",\"logo\":{\"@type\":\"ImageObject\",\"inLanguage\":\"de\",\"@id\":\"https:\/\/parkhotelmovar.hu\/de\/#\/schema\/logo\/image\/\",\"url\":\"https:\/\/parkhotelmovar.hu\/wp-content\/uploads\/2026\/02\/park-hotel-site-logo.svg\",\"contentUrl\":\"https:\/\/parkhotelmovar.hu\/wp-content\/uploads\/2026\/02\/park-hotel-site-logo.svg\",\"width\":135,\"height\":158,\"caption\":\"Park Hotel\"},\"image\":{\"@id\":\"https:\/\/parkhotelmovar.hu\/de\/#\/schema\/logo\/image\/\"}}]}<\/script>\n<!-- \/ Yoast SEO plugin. -->","yoast_head_json":{"title":"Veranstaltungen Angebotsanfrage - Park Hotel","robots":{"index":"index","follow":"follow","max-snippet":"max-snippet:-1","max-image-preview":"max-image-preview:large","max-video-preview":"max-video-preview:-1"},"canonical":"https:\/\/parkhotelmovar.hu\/de\/veranstaltungen-angebotsanfrage\/","og_locale":"de_DE","og_type":"article","og_title":"Veranstaltungen Angebotsanfrage - Park Hotel","og_description":"Veranstaltungen Angebotsanfrage","og_url":"https:\/\/parkhotelmovar.hu\/de\/veranstaltungen-angebotsanfrage\/","og_site_name":"Park Hotel","article_modified_time":"2026-03-10T16:30:01+00:00","twitter_card":"summary_large_image","twitter_misc":{"Gesch\u00e4tzte Lesezeit":"1\u00a0Minute"},"schema":{"@context":"https:\/\/schema.org","@graph":[{"@type":"WebPage","@id":"https:\/\/parkhotelmovar.hu\/de\/veranstaltungen-angebotsanfrage\/","url":"https:\/\/parkhotelmovar.hu\/de\/veranstaltungen-angebotsanfrage\/","name":"Veranstaltungen Angebotsanfrage - Park Hotel","isPartOf":{"@id":"https:\/\/parkhotelmovar.hu\/de\/#website"},"datePublished":"2026-02-14T21:52:50+00:00","dateModified":"2026-03-10T16:30:01+00:00","breadcrumb":{"@id":"https:\/\/parkhotelmovar.hu\/de\/veranstaltungen-angebotsanfrage\/#breadcrumb"},"inLanguage":"de","potentialAction":[{"@type":"ReadAction","target":["https:\/\/parkhotelmovar.hu\/de\/veranstaltungen-angebotsanfrage\/"]}]},{"@type":"BreadcrumbList","@id":"https:\/\/parkhotelmovar.hu\/de\/veranstaltungen-angebotsanfrage\/#breadcrumb","itemListElement":[{"@type":"ListItem","position":1,"name":"Home","item":"https:\/\/parkhotelmovar.hu\/de\/"},{"@type":"ListItem","position":2,"name":"Veranstaltungen Angebotsanfrage"}]},{"@type":"WebSite","@id":"https:\/\/parkhotelmovar.hu\/de\/#website","url":"https:\/\/parkhotelmovar.hu\/de\/","name":"Park Hotel","description":"Elegancia Mosonmagyar\u00f3v\u00e1r z\u00f6ld sz\u00edv\u00e9ben","publisher":{"@id":"https:\/\/parkhotelmovar.hu\/de\/#organization"},"potentialAction":[{"@type":"SearchAction","target":{"@type":"EntryPoint","urlTemplate":"https:\/\/parkhotelmovar.hu\/de\/?s={search_term_string}"},"query-input":{"@type":"PropertyValueSpecification","valueRequired":true,"valueName":"search_term_string"}}],"inLanguage":"de"},{"@type":"Organization","@id":"https:\/\/parkhotelmovar.hu\/de\/#organization","name":"Park Hotel","url":"https:\/\/parkhotelmovar.hu\/de\/","logo":{"@type":"ImageObject","inLanguage":"de","@id":"https:\/\/parkhotelmovar.hu\/de\/#\/schema\/logo\/image\/","url":"https:\/\/parkhotelmovar.hu\/wp-content\/uploads\/2026\/02\/park-hotel-site-logo.svg","contentUrl":"https:\/\/parkhotelmovar.hu\/wp-content\/uploads\/2026\/02\/park-hotel-site-logo.svg","width":135,"height":158,"caption":"Park Hotel"},"image":{"@id":"https:\/\/parkhotelmovar.hu\/de\/#\/schema\/logo\/image\/"}}]}},"_links":{"self":[{"href":"https:\/\/parkhotelmovar.hu\/de\/wp-json\/wp\/v2\/pages\/2174","targetHints":{"allow":["GET"]}}],"collection":[{"href":"https:\/\/parkhotelmovar.hu\/de\/wp-json\/wp\/v2\/pages"}],"about":[{"href":"https:\/\/parkhotelmovar.hu\/de\/wp-json\/wp\/v2\/types\/page"}],"author":[{"embeddable":true,"href":"https:\/\/parkhotelmovar.hu\/de\/wp-json\/wp\/v2\/users\/2"}],"replies":[{"embeddable":true,"href":"https:\/\/parkhotelmovar.hu\/de\/wp-json\/wp\/v2\/comments?post=2174"}],"version-history":[{"count":4,"href":"https:\/\/parkhotelmovar.hu\/de\/wp-json\/wp\/v2\/pages\/2174\/revisions"}],"predecessor-version":[{"id":2179,"href":"https:\/\/parkhotelmovar.hu\/de\/wp-json\/wp\/v2\/pages\/2174\/revisions\/2179"}],"wp:attachment":[{"href":"https:\/\/parkhotelmovar.hu\/de\/wp-json\/wp\/v2\/media?parent=2174"}],"curies":[{"name":"wp","href":"https:\/\/api.w.org\/{rel}","templated":true}]}}