{"id":1632,"date":"2026-02-14T20:33:33","date_gmt":"2026-02-14T20:33:33","guid":{"rendered":"https:\/\/parkhotelmovar.hu\/training-camp-request-for-proposal\/"},"modified":"2026-04-08T18:18:02","modified_gmt":"2026-04-08T18:18:02","slug":"training-camp-request-for-proposal","status":"publish","type":"page","link":"https:\/\/parkhotelmovar.hu\/en\/training-camp-request-for-proposal\/","title":{"rendered":"Training Camp \u2013 Request for Proposal"},"content":{"rendered":"\t\t<div data-elementor-type=\"wp-page\" data-elementor-id=\"1632\" class=\"elementor elementor-1632 elementor-848\" data-elementor-post-type=\"page\">\n\t\t\t\t<div class=\"elementor-element elementor-element-97e4812 e-flex e-con-boxed e-con e-parent\" data-id=\"97e4812\" data-element_type=\"container\" data-e-type=\"container\" data-settings=\"{&quot;background_background&quot;:&quot;classic&quot;}\">\n\t\t\t\t\t<div class=\"e-con-inner\">\n\t\t\t\t<div class=\"elementor-element elementor-element-d6e9506 elementor-widget elementor-widget-heading\" data-id=\"d6e9506\" data-element_type=\"widget\" data-e-type=\"widget\" data-widget_type=\"heading.default\">\n\t\t\t\t\t<h2 class=\"elementor-heading-title elementor-size-default\">Training Camp \u2013 Request for Proposal<\/h2>\t\t\t\t<\/div>\n\t\t\t\t<div class=\"elementor-element elementor-element-34db9d0 elementor-button-align-end elementor-widget elementor-widget-form\" data-id=\"34db9d0\" data-element_type=\"widget\" data-e-type=\"widget\" data-settings=\"{&quot;button_width&quot;:&quot;50&quot;,&quot;step_next_label&quot;:&quot;Next&quot;,&quot;step_previous_label&quot;:&quot;Previous&quot;,&quot;step_type&quot;:&quot;number_text&quot;,&quot;step_icon_shape&quot;:&quot;circle&quot;}\" data-widget_type=\"form.default\">\n\t\t\t\t\t\t\t<form class=\"elementor-form\" method=\"post\" name=\"Training camp form\" aria-label=\"Training camp form\">\n\t\t\t<input type=\"hidden\" name=\"post_id\" value=\"1632\"\/>\n\t\t\t<input type=\"hidden\" name=\"form_id\" value=\"34db9d0\"\/>\n\t\t\t<input type=\"hidden\" name=\"referer_title\" value=\"Park Hotel\" \/>\n\n\t\t\t\n\t\t\t<div class=\"elementor-form-fields-wrapper elementor-labels-above\">\n\t\t\t\t\t\t\t\t<div class=\"elementor-field-type-text elementor-field-group elementor-column elementor-field-group-name elementor-col-50 elementor-field-required\">\n\t\t\t\t\t\t\t\t\t\t\t\t<label for=\"form-field-name\" class=\"elementor-field-label\">\n\t\t\t\t\t\t\t\tContact Person\u2019s Name*\t\t\t\t\t\t\t<\/label>\n\t\t\t\t\t\t\t\t\t\t\t\t\t\t<input size=\"1\" type=\"text\" name=\"form_fields[name]\" id=\"form-field-name\" class=\"elementor-field elementor-size-md  elementor-field-textual\" placeholder=\"Jane Doe\" required=\"required\">\n\t\t\t\t\t\t\t\t\t\t\t<\/div>\n\t\t\t\t\t\t\t\t<div class=\"elementor-field-type-email elementor-field-group elementor-column elementor-field-group-email elementor-col-50 elementor-field-required\">\n\t\t\t\t\t\t\t\t\t\t\t\t<label for=\"form-field-email\" class=\"elementor-field-label\">\n\t\t\t\t\t\t\t\tEmail Address*\t\t\t\t\t\t\t<\/label>\n\t\t\t\t\t\t\t\t\t\t\t\t\t\t<input size=\"1\" type=\"email\" name=\"form_fields[email]\" id=\"form-field-email\" class=\"elementor-field elementor-size-md  elementor-field-textual\" placeholder=\"jane.doe@email.com\" required=\"required\">\n\t\t\t\t\t\t\t\t\t\t\t<\/div>\n\t\t\t\t\t\t\t\t<div class=\"elementor-field-type-tel elementor-field-group elementor-column elementor-field-group-field_cdd8e41 elementor-col-50 elementor-field-required\">\n\t\t\t\t\t\t\t\t\t\t\t\t<label for=\"form-field-field_cdd8e41\" class=\"elementor-field-label\">\n\t\t\t\t\t\t\t\tPhone Number\t\t\t\t\t\t\t<\/label>\n\t\t\t\t\t\t\t\t<input size=\"1\" type=\"tel\" name=\"form_fields[field_cdd8e41]\" id=\"form-field-field_cdd8e41\" class=\"elementor-field elementor-size-md  elementor-field-textual\" placeholder=\"+36 30 123 4567\" required=\"required\" pattern=\"[0-9()#&amp;+*-=.]+\" title=\"Only numbers and phone characters (#, -, *, etc) are accepted.\">\n\n\t\t\t\t\t\t<\/div>\n\t\t\t\t\t\t\t\t<div class=\"elementor-field-type-text elementor-field-group elementor-column elementor-field-group-field_22bc248 elementor-col-50 elementor-field-required\">\n\t\t\t\t\t\t\t\t\t\t\t\t<label for=\"form-field-field_22bc248\" class=\"elementor-field-label\">\n\t\t\t\t\t\t\t\tSport  Name\t\t\t\t\t\t\t<\/label>\n\t\t\t\t\t\t\t\t\t\t\t\t\t\t<input size=\"1\" type=\"text\" name=\"form_fields[field_22bc248]\" id=\"form-field-field_22bc248\" class=\"elementor-field elementor-size-md  elementor-field-textual\" placeholder=\"e.g. football\" required=\"required\">\n\t\t\t\t\t\t\t\t\t\t\t<\/div>\n\t\t\t\t\t\t\t\t<div class=\"elementor-field-type-text elementor-field-group elementor-column elementor-field-group-field_be336ea elementor-col-50 elementor-field-required\">\n\t\t\t\t\t\t\t\t\t\t\t\t<label for=\"form-field-field_be336ea\" class=\"elementor-field-label\">\n\t\t\t\t\t\t\t\tNumber of Participants \u2013 Athletes\t\t\t\t\t\t\t<\/label>\n\t\t\t\t\t\t\t\t\t\t\t\t\t\t<input size=\"1\" type=\"text\" name=\"form_fields[field_be336ea]\" id=\"form-field-field_be336ea\" class=\"elementor-field elementor-size-md  elementor-field-textual\" placeholder=\"Name\" required=\"required\">\n\t\t\t\t\t\t\t\t\t\t\t<\/div>\n\t\t\t\t\t\t\t\t<div class=\"elementor-field-type-text elementor-field-group elementor-column elementor-field-group-field_e7db2ef elementor-col-50 elementor-field-required\">\n\t\t\t\t\t\t\t\t\t\t\t\t<label for=\"form-field-field_e7db2ef\" class=\"elementor-field-label\">\n\t\t\t\t\t\t\t\tNumber of Participants \u2013 Coaches \/ Staff\t\t\t\t\t\t\t<\/label>\n\t\t\t\t\t\t\t\t\t\t\t\t\t\t<input size=\"1\" type=\"text\" name=\"form_fields[field_e7db2ef]\" id=\"form-field-field_e7db2ef\" class=\"elementor-field elementor-size-md  elementor-field-textual\" placeholder=\"Name\" required=\"required\">\n\t\t\t\t\t\t\t\t\t\t\t<\/div>\n\t\t\t\t\t\t\t\t<div class=\"elementor-field-type-text elementor-field-group elementor-column elementor-field-group-field_5b57dc0 elementor-col-50 elementor-field-required\">\n\t\t\t\t\t\t\t\t\t\t\t\t<label for=\"form-field-field_5b57dc0\" class=\"elementor-field-label\">\n\t\t\t\t\t\t\t\tPreferred Dates\t\t\t\t\t\t\t<\/label>\n\t\t\t\t\t\t\t\t\t\t\t\t\t\t<input size=\"1\" type=\"text\" name=\"form_fields[field_5b57dc0]\" id=\"form-field-field_5b57dc0\" class=\"elementor-field elementor-size-md  elementor-field-textual\" placeholder=\"from - to\" required=\"required\">\n\t\t\t\t\t\t\t\t\t\t\t<\/div>\n\t\t\t\t\t\t\t\t<div class=\"elementor-field-type-text elementor-field-group elementor-column elementor-field-group-field_56d7a5d elementor-col-50 elementor-field-required\">\n\t\t\t\t\t\t\t\t\t\t\t\t<label for=\"form-field-field_56d7a5d\" class=\"elementor-field-label\">\n\t\t\t\t\t\t\t\tNumber of Nights\t\t\t\t\t\t\t<\/label>\n\t\t\t\t\t\t\t\t\t\t\t\t\t\t<input size=\"1\" type=\"text\" name=\"form_fields[field_56d7a5d]\" id=\"form-field-field_56d7a5d\" class=\"elementor-field elementor-size-md  elementor-field-textual\" placeholder=\"e.g. 3 nights\" required=\"required\">\n\t\t\t\t\t\t\t\t\t\t\t<\/div>\n\t\t\t\t\t\t\t\t<div class=\"elementor-field-type-select elementor-field-group elementor-column elementor-field-group-field_0360a1f elementor-col-50 elementor-field-required\">\n\t\t\t\t\t\t\t\t\t\t\t\t<label for=\"form-field-field_0360a1f\" class=\"elementor-field-label\">\n\t\t\t\t\t\t\t\tBoard Type\t\t\t\t\t\t\t<\/label>\n\t\t\t\t\t\t\t\t<div class=\"elementor-field elementor-select-wrapper remove-before \">\n\t\t\t<div class=\"select-caret-down-wrapper\">\n\t\t\t\t<svg aria-hidden=\"true\" class=\"e-font-icon-svg e-eicon-caret-down\" viewBox=\"0 0 571.4 571.4\" xmlns=\"http:\/\/www.w3.org\/2000\/svg\"><path d=\"M571 393Q571 407 561 418L311 668Q300 679 286 679T261 668L11 418Q0 407 0 393T11 368 36 357H536Q550 357 561 368T571 393Z\"><\/path><\/svg>\t\t\t<\/div>\n\t\t\t<select name=\"form_fields[field_0360a1f]\" id=\"form-field-field_0360a1f\" class=\"elementor-field-textual elementor-size-md\" required=\"required\">\n\t\t\t\t\t\t\t\t\t<option value=\"Choose from the list...\">Choose from the list...<\/option>\n\t\t\t\t\t\t\t\t\t<option value=\"Breakfast\">Breakfast<\/option>\n\t\t\t\t\t\t\t\t\t<option value=\"Half board\">Half board<\/option>\n\t\t\t\t\t\t\t\t\t<option value=\"Full board\">Full board<\/option>\n\t\t\t\t\t\t\t<\/select>\n\t\t<\/div>\n\t\t\t\t\t\t<\/div>\n\t\t\t\t\t\t\t\t<div class=\"elementor-field-type-text elementor-field-group elementor-column elementor-field-group-field_5706b3f elementor-col-50 elementor-field-required\">\n\t\t\t\t\t\t\t\t\t\t\t\t<label for=\"form-field-field_5706b3f\" class=\"elementor-field-label\">\n\t\t\t\t\t\t\t\tSpecial Dietary Requirements\t\t\t\t\t\t\t<\/label>\n\t\t\t\t\t\t\t\t\t\t\t\t\t\t<input size=\"1\" type=\"text\" name=\"form_fields[field_5706b3f]\" id=\"form-field-field_5706b3f\" class=\"elementor-field elementor-size-md  elementor-field-textual\" placeholder=\"e.g. gluten sensitivity, lactose sensitivity, etc.\" required=\"required\">\n\t\t\t\t\t\t\t\t\t\t\t<\/div>\n\t\t\t\t\t\t\t\t<div class=\"elementor-field-type-textarea elementor-field-group elementor-column elementor-field-group-message elementor-col-50\">\n\t\t\t\t\t\t\t\t\t\t\t\t<label for=\"form-field-message\" class=\"elementor-field-label\">\n\t\t\t\t\t\t\t\tTraining Requirements\t\t\t\t\t\t\t<\/label>\n\t\t\t\t\t\t<textarea class=\"elementor-field-textual elementor-field  elementor-size-md\" name=\"form_fields[message]\" id=\"form-field-message\" rows=\"4\" placeholder=\"Details of requirements...\"><\/textarea>\t\t\t\t<\/div>\n\t\t\t\t\t\t\t\t<div class=\"elementor-field-type-textarea elementor-field-group elementor-column elementor-field-group-field_b8b0b2a elementor-col-50\">\n\t\t\t\t\t\t\t\t\t\t\t\t<label for=\"form-field-field_b8b0b2a\" class=\"elementor-field-label\">\n\t\t\t\t\t\t\t\tAdditional Requests \/ Notes\t\t\t\t\t\t\t<\/label>\n\t\t\t\t\t\t<textarea class=\"elementor-field-textual elementor-field  elementor-size-md\" name=\"form_fields[field_b8b0b2a]\" id=\"form-field-field_b8b0b2a\" rows=\"4\" placeholder=\"Details of the request for quotation...\"><\/textarea>\t\t\t\t<\/div>\n\t\t\t\t\t\t\t\t<div class=\"elementor-field-type-checkbox elementor-field-group elementor-column elementor-field-group-field_c568d38 elementor-col-50\">\n\t\t\t\t\t<div class=\"elementor-field-subgroup  \"><span class=\"elementor-field-option\"><input type=\"checkbox\" value=\"I accept the &lt;a href=&quot;https:\/\/parkhotelmovar.hu\/en\/privacy-policy\/&quot;&gt;Privacy policy.&lt;\/a&gt;*\" id=\"form-field-field_c568d38-0\" name=\"form_fields[field_c568d38]\"> <label for=\"form-field-field_c568d38-0\">I accept the <a href=\"https:\/\/parkhotelmovar.hu\/en\/privacy-policy\/\">Privacy policy.<\/a>*<\/label><\/span><\/div>\t\t\t\t<\/div>\n\t\t\t\t\t\t\t\t<div class=\"elementor-field-group elementor-column elementor-field-type-submit elementor-col-50 e-form__buttons\">\n\t\t\t\t\t<button class=\"elementor-button elementor-size-sm\" type=\"submit\">\n\t\t\t\t\t\t<span class=\"elementor-button-content-wrapper\">\n\t\t\t\t\t\t\t\t\t\t\t\t\t\t\t\t\t\t\t\t\t\t<span class=\"elementor-button-text\">Submit<\/span>\n\t\t\t\t\t\t\t\t\t\t\t\t\t<\/span>\n\t\t\t\t\t<\/button>\n\t\t\t\t<\/div>\n\t\t\t<\/div>\n\t\t<\/form>\n\t\t\t\t\t\t<\/div>\n\t\t\t\t\t<\/div>\n\t\t\t\t<\/div>\n\t\t\t\t<\/div>\n\t\t","protected":false},"excerpt":{"rendered":"<p>Training Camp \u2013 Request for Proposal<\/p>\n","protected":false},"author":2,"featured_media":0,"parent":0,"menu_order":0,"comment_status":"closed","ping_status":"closed","template":"elementor_header_footer","meta":{"footnotes":""},"class_list":["post-1632","page","type-page","status-publish","hentry"],"yoast_head":"<!-- This site is optimized with the Yoast SEO plugin v26.9 - https:\/\/yoast.com\/product\/yoast-seo-wordpress\/ -->\n<title>Training Camp \u2013 Request for Proposal - Park Hotel<\/title>\n<meta name=\"robots\" content=\"index, follow, max-snippet:-1, max-image-preview:large, max-video-preview:-1\" \/>\n<link rel=\"canonical\" href=\"https:\/\/parkhotelmovar.hu\/en\/training-camp-request-for-proposal\/\" \/>\n<meta property=\"og:locale\" content=\"en_US\" \/>\n<meta property=\"og:type\" content=\"article\" \/>\n<meta property=\"og:title\" content=\"Training Camp \u2013 Request for Proposal - Park Hotel\" \/>\n<meta property=\"og:description\" content=\"Training Camp \u2013 Request for Proposal\" \/>\n<meta property=\"og:url\" content=\"https:\/\/parkhotelmovar.hu\/en\/training-camp-request-for-proposal\/\" \/>\n<meta property=\"og:site_name\" content=\"Park Hotel\" \/>\n<meta property=\"article:modified_time\" content=\"2026-04-08T18:18:02+00:00\" \/>\n<meta name=\"twitter:card\" content=\"summary_large_image\" \/>\n<meta name=\"twitter:label1\" content=\"Est. reading time\" \/>\n\t<meta name=\"twitter:data1\" content=\"1 minute\" \/>\n<script type=\"application\/ld+json\" class=\"yoast-schema-graph\">{\"@context\":\"https:\/\/schema.org\",\"@graph\":[{\"@type\":\"WebPage\",\"@id\":\"https:\/\/parkhotelmovar.hu\/en\/training-camp-request-for-proposal\/\",\"url\":\"https:\/\/parkhotelmovar.hu\/en\/training-camp-request-for-proposal\/\",\"name\":\"Training Camp \u2013 Request for Proposal - Park Hotel\",\"isPartOf\":{\"@id\":\"https:\/\/parkhotelmovar.hu\/en\/#website\"},\"datePublished\":\"2026-02-14T20:33:33+00:00\",\"dateModified\":\"2026-04-08T18:18:02+00:00\",\"breadcrumb\":{\"@id\":\"https:\/\/parkhotelmovar.hu\/en\/training-camp-request-for-proposal\/#breadcrumb\"},\"inLanguage\":\"en-US\",\"potentialAction\":[{\"@type\":\"ReadAction\",\"target\":[\"https:\/\/parkhotelmovar.hu\/en\/training-camp-request-for-proposal\/\"]}]},{\"@type\":\"BreadcrumbList\",\"@id\":\"https:\/\/parkhotelmovar.hu\/en\/training-camp-request-for-proposal\/#breadcrumb\",\"itemListElement\":[{\"@type\":\"ListItem\",\"position\":1,\"name\":\"Home\",\"item\":\"https:\/\/parkhotelmovar.hu\/en\/\"},{\"@type\":\"ListItem\",\"position\":2,\"name\":\"Training Camp \u2013 Request for Proposal\"}]},{\"@type\":\"WebSite\",\"@id\":\"https:\/\/parkhotelmovar.hu\/en\/#website\",\"url\":\"https:\/\/parkhotelmovar.hu\/en\/\",\"name\":\"Park Hotel\",\"description\":\"Elegancia Mosonmagyar\u00f3v\u00e1r z\u00f6ld sz\u00edv\u00e9ben\",\"publisher\":{\"@id\":\"https:\/\/parkhotelmovar.hu\/en\/#organization\"},\"potentialAction\":[{\"@type\":\"SearchAction\",\"target\":{\"@type\":\"EntryPoint\",\"urlTemplate\":\"https:\/\/parkhotelmovar.hu\/en\/?s={search_term_string}\"},\"query-input\":{\"@type\":\"PropertyValueSpecification\",\"valueRequired\":true,\"valueName\":\"search_term_string\"}}],\"inLanguage\":\"en-US\"},{\"@type\":\"Organization\",\"@id\":\"https:\/\/parkhotelmovar.hu\/en\/#organization\",\"name\":\"Park Hotel\",\"url\":\"https:\/\/parkhotelmovar.hu\/en\/\",\"logo\":{\"@type\":\"ImageObject\",\"inLanguage\":\"en-US\",\"@id\":\"https:\/\/parkhotelmovar.hu\/en\/#\/schema\/logo\/image\/\",\"url\":\"https:\/\/parkhotelmovar.hu\/wp-content\/uploads\/2026\/02\/park-hotel-site-logo.svg\",\"contentUrl\":\"https:\/\/parkhotelmovar.hu\/wp-content\/uploads\/2026\/02\/park-hotel-site-logo.svg\",\"width\":135,\"height\":158,\"caption\":\"Park Hotel\"},\"image\":{\"@id\":\"https:\/\/parkhotelmovar.hu\/en\/#\/schema\/logo\/image\/\"}}]}<\/script>\n<!-- \/ Yoast SEO plugin. -->","yoast_head_json":{"title":"Training Camp \u2013 Request for Proposal - Park Hotel","robots":{"index":"index","follow":"follow","max-snippet":"max-snippet:-1","max-image-preview":"max-image-preview:large","max-video-preview":"max-video-preview:-1"},"canonical":"https:\/\/parkhotelmovar.hu\/en\/training-camp-request-for-proposal\/","og_locale":"en_US","og_type":"article","og_title":"Training Camp \u2013 Request for Proposal - Park Hotel","og_description":"Training Camp \u2013 Request for Proposal","og_url":"https:\/\/parkhotelmovar.hu\/en\/training-camp-request-for-proposal\/","og_site_name":"Park Hotel","article_modified_time":"2026-04-08T18:18:02+00:00","twitter_card":"summary_large_image","twitter_misc":{"Est. reading time":"1 minute"},"schema":{"@context":"https:\/\/schema.org","@graph":[{"@type":"WebPage","@id":"https:\/\/parkhotelmovar.hu\/en\/training-camp-request-for-proposal\/","url":"https:\/\/parkhotelmovar.hu\/en\/training-camp-request-for-proposal\/","name":"Training Camp \u2013 Request for Proposal - Park Hotel","isPartOf":{"@id":"https:\/\/parkhotelmovar.hu\/en\/#website"},"datePublished":"2026-02-14T20:33:33+00:00","dateModified":"2026-04-08T18:18:02+00:00","breadcrumb":{"@id":"https:\/\/parkhotelmovar.hu\/en\/training-camp-request-for-proposal\/#breadcrumb"},"inLanguage":"en-US","potentialAction":[{"@type":"ReadAction","target":["https:\/\/parkhotelmovar.hu\/en\/training-camp-request-for-proposal\/"]}]},{"@type":"BreadcrumbList","@id":"https:\/\/parkhotelmovar.hu\/en\/training-camp-request-for-proposal\/#breadcrumb","itemListElement":[{"@type":"ListItem","position":1,"name":"Home","item":"https:\/\/parkhotelmovar.hu\/en\/"},{"@type":"ListItem","position":2,"name":"Training Camp \u2013 Request for Proposal"}]},{"@type":"WebSite","@id":"https:\/\/parkhotelmovar.hu\/en\/#website","url":"https:\/\/parkhotelmovar.hu\/en\/","name":"Park Hotel","description":"Elegancia Mosonmagyar\u00f3v\u00e1r z\u00f6ld sz\u00edv\u00e9ben","publisher":{"@id":"https:\/\/parkhotelmovar.hu\/en\/#organization"},"potentialAction":[{"@type":"SearchAction","target":{"@type":"EntryPoint","urlTemplate":"https:\/\/parkhotelmovar.hu\/en\/?s={search_term_string}"},"query-input":{"@type":"PropertyValueSpecification","valueRequired":true,"valueName":"search_term_string"}}],"inLanguage":"en-US"},{"@type":"Organization","@id":"https:\/\/parkhotelmovar.hu\/en\/#organization","name":"Park Hotel","url":"https:\/\/parkhotelmovar.hu\/en\/","logo":{"@type":"ImageObject","inLanguage":"en-US","@id":"https:\/\/parkhotelmovar.hu\/en\/#\/schema\/logo\/image\/","url":"https:\/\/parkhotelmovar.hu\/wp-content\/uploads\/2026\/02\/park-hotel-site-logo.svg","contentUrl":"https:\/\/parkhotelmovar.hu\/wp-content\/uploads\/2026\/02\/park-hotel-site-logo.svg","width":135,"height":158,"caption":"Park Hotel"},"image":{"@id":"https:\/\/parkhotelmovar.hu\/en\/#\/schema\/logo\/image\/"}}]}},"_links":{"self":[{"href":"https:\/\/parkhotelmovar.hu\/en\/wp-json\/wp\/v2\/pages\/1632","targetHints":{"allow":["GET"]}}],"collection":[{"href":"https:\/\/parkhotelmovar.hu\/en\/wp-json\/wp\/v2\/pages"}],"about":[{"href":"https:\/\/parkhotelmovar.hu\/en\/wp-json\/wp\/v2\/types\/page"}],"author":[{"embeddable":true,"href":"https:\/\/parkhotelmovar.hu\/en\/wp-json\/wp\/v2\/users\/2"}],"replies":[{"embeddable":true,"href":"https:\/\/parkhotelmovar.hu\/en\/wp-json\/wp\/v2\/comments?post=1632"}],"version-history":[{"count":16,"href":"https:\/\/parkhotelmovar.hu\/en\/wp-json\/wp\/v2\/pages\/1632\/revisions"}],"predecessor-version":[{"id":2709,"href":"https:\/\/parkhotelmovar.hu\/en\/wp-json\/wp\/v2\/pages\/1632\/revisions\/2709"}],"wp:attachment":[{"href":"https:\/\/parkhotelmovar.hu\/en\/wp-json\/wp\/v2\/media?parent=1632"}],"curies":[{"name":"wp","href":"https:\/\/api.w.org\/{rel}","templated":true}]}}