{"id":1741,"date":"2026-02-14T21:52:50","date_gmt":"2026-02-14T21:52:50","guid":{"rendered":"https:\/\/parkhotelmovar.hu\/request-a-quote-for-events\/"},"modified":"2026-03-07T17:22:56","modified_gmt":"2026-03-07T17:22:56","slug":"request-a-quote-for-events","status":"publish","type":"page","link":"https:\/\/parkhotelmovar.hu\/en\/request-a-quote-for-events\/","title":{"rendered":"Request a quote for events"},"content":{"rendered":"\t\t<div data-elementor-type=\"wp-page\" data-elementor-id=\"1741\" class=\"elementor elementor-1741 elementor-884\" data-elementor-post-type=\"page\">\n\t\t\t\t<div class=\"elementor-element elementor-element-e2b3386 e-flex e-con-boxed e-con e-parent\" data-id=\"e2b3386\" data-element_type=\"container\" data-e-type=\"container\" data-settings=\"{&quot;background_background&quot;:&quot;classic&quot;}\">\n\t\t\t\t\t<div class=\"e-con-inner\">\n\t\t\t\t<div class=\"elementor-element elementor-element-d36fcd8 elementor-widget elementor-widget-heading\" data-id=\"d36fcd8\" data-element_type=\"widget\" data-e-type=\"widget\" data-widget_type=\"heading.default\">\n\t\t\t\t\t<h2 class=\"elementor-heading-title elementor-size-default\">Request a quote for events<\/h2>\t\t\t\t<\/div>\n\t\t\t\t<div class=\"elementor-element elementor-element-cbd08df elementor-button-align-end custom-form elementor-widget elementor-widget-form\" data-id=\"cbd08df\" data-element_type=\"widget\" data-e-type=\"widget\" data-settings=\"{&quot;step_next_label&quot;:&quot;Next&quot;,&quot;step_previous_label&quot;:&quot;Previous&quot;,&quot;button_width&quot;:&quot;100&quot;,&quot;step_type&quot;:&quot;number_text&quot;,&quot;step_icon_shape&quot;:&quot;circle&quot;}\" data-widget_type=\"form.default\">\n\t\t\t\t\t\t\t<form class=\"elementor-form\" method=\"post\" name=\"Event form\" aria-label=\"Event form\">\n\t\t\t<input type=\"hidden\" name=\"post_id\" value=\"1741\"\/>\n\t\t\t<input type=\"hidden\" name=\"form_id\" value=\"cbd08df\"\/>\n\t\t\t<input type=\"hidden\" name=\"referer_title\" value=\"Park Hotel\" \/>\n\n\t\t\t\n\t\t\t<div class=\"elementor-form-fields-wrapper elementor-labels-above\">\n\t\t\t\t\t\t\t\t<div class=\"elementor-field-type-text elementor-field-group elementor-column elementor-field-group-name elementor-col-50\">\n\t\t\t\t\t\t\t\t\t\t\t\t<label for=\"form-field-name\" class=\"elementor-field-label\">\n\t\t\t\t\t\t\t\tName of contact person*\t\t\t\t\t\t\t<\/label>\n\t\t\t\t\t\t\t\t\t\t\t\t\t\t<input size=\"1\" type=\"text\" name=\"form_fields[name]\" id=\"form-field-name\" class=\"elementor-field elementor-size-md  elementor-field-textual\" placeholder=\"Jane Doe\">\n\t\t\t\t\t\t\t\t\t\t\t<\/div>\n\t\t\t\t\t\t\t\t<div class=\"elementor-field-type-text elementor-field-group elementor-column elementor-field-group-field_22bc248 elementor-col-50 elementor-field-required\">\n\t\t\t\t\t\t\t\t\t\t\t\t<label for=\"form-field-field_22bc248\" class=\"elementor-field-label\">\n\t\t\t\t\t\t\t\tCompany name\t\t\t\t\t\t\t<\/label>\n\t\t\t\t\t\t\t\t\t\t\t\t\t\t<input size=\"1\" type=\"text\" name=\"form_fields[field_22bc248]\" id=\"form-field-field_22bc248\" class=\"elementor-field elementor-size-md  elementor-field-textual\" placeholder=\"Sample Ltd.\" required=\"required\">\n\t\t\t\t\t\t\t\t\t\t\t<\/div>\n\t\t\t\t\t\t\t\t<div class=\"elementor-field-type-tel elementor-field-group elementor-column elementor-field-group-field_cdd8e41 elementor-col-50 elementor-field-required\">\n\t\t\t\t\t\t\t\t\t\t\t\t<label for=\"form-field-field_cdd8e41\" class=\"elementor-field-label\">\n\t\t\t\t\t\t\t\tPhone number*\t\t\t\t\t\t\t<\/label>\n\t\t\t\t\t\t\t\t<input size=\"1\" type=\"tel\" name=\"form_fields[field_cdd8e41]\" id=\"form-field-field_cdd8e41\" class=\"elementor-field elementor-size-md  elementor-field-textual\" placeholder=\"+36 30 123 4567\" required=\"required\" pattern=\"[0-9()#&amp;+*-=.]+\" title=\"Only numbers and phone characters (#, -, *, etc) are accepted.\">\n\n\t\t\t\t\t\t<\/div>\n\t\t\t\t\t\t\t\t<div class=\"elementor-field-type-email elementor-field-group elementor-column elementor-field-group-email elementor-col-50 elementor-field-required\">\n\t\t\t\t\t\t\t\t\t\t\t\t<label for=\"form-field-email\" class=\"elementor-field-label\">\n\t\t\t\t\t\t\t\tEmail address*\t\t\t\t\t\t\t<\/label>\n\t\t\t\t\t\t\t\t\t\t\t\t\t\t<input size=\"1\" type=\"email\" name=\"form_fields[email]\" id=\"form-field-email\" class=\"elementor-field elementor-size-md  elementor-field-textual\" placeholder=\"monika.minta@email.hu\" required=\"required\">\n\t\t\t\t\t\t\t\t\t\t\t<\/div>\n\t\t\t\t\t\t\t\t<div class=\"elementor-field-type-html elementor-field-group elementor-column elementor-field-group-field_1abe0ac elementor-col-100\">\n\t\t\t\t\t<\/br><b>Event details<\/b>\t\t\t\t<\/div>\n\t\t\t\t\t\t\t\t<div class=\"elementor-field-type-text elementor-field-group elementor-column elementor-field-group-field_086aaf6 elementor-col-50 elementor-field-required\">\n\t\t\t\t\t\t\t\t\t\t\t\t<label for=\"form-field-field_086aaf6\" class=\"elementor-field-label\">\n\t\t\t\t\t\t\t\tDate*\t\t\t\t\t\t\t<\/label>\n\t\t\t\t\t\t\t\t\t\t\t\t\t\t<input size=\"1\" type=\"text\" name=\"form_fields[field_086aaf6]\" id=\"form-field-field_086aaf6\" class=\"elementor-field elementor-size-md  elementor-field-textual\" placeholder=\"from - to\" required=\"required\">\n\t\t\t\t\t\t\t\t\t\t\t<\/div>\n\t\t\t\t\t\t\t\t<div class=\"elementor-field-type-text elementor-field-group elementor-column elementor-field-group-field_15d1ea4 elementor-col-50 elementor-field-required\">\n\t\t\t\t\t\t\t\t\t\t\t\t<label for=\"form-field-field_15d1ea4\" class=\"elementor-field-label\">\n\t\t\t\t\t\t\t\tAlternative date*\t\t\t\t\t\t\t<\/label>\n\t\t\t\t\t\t\t\t\t\t\t\t\t\t<input size=\"1\" type=\"text\" name=\"form_fields[field_15d1ea4]\" id=\"form-field-field_15d1ea4\" class=\"elementor-field elementor-size-md  elementor-field-textual\" placeholder=\"from - to\" required=\"required\">\n\t\t\t\t\t\t\t\t\t\t\t<\/div>\n\t\t\t\t\t\t\t\t<div class=\"elementor-field-type-select elementor-field-group elementor-column elementor-field-group-field_55dd6ea elementor-col-50 elementor-field-required\">\n\t\t\t\t\t\t\t\t\t\t\t\t<label for=\"form-field-field_55dd6ea\" class=\"elementor-field-label\">\n\t\t\t\t\t\t\t\tType of event*\t\t\t\t\t\t\t<\/label>\n\t\t\t\t\t\t\t\t<div class=\"elementor-field elementor-select-wrapper remove-before \">\n\t\t\t<div class=\"select-caret-down-wrapper\">\n\t\t\t\t<svg aria-hidden=\"true\" class=\"e-font-icon-svg e-eicon-caret-down\" viewBox=\"0 0 571.4 571.4\" xmlns=\"http:\/\/www.w3.org\/2000\/svg\"><path d=\"M571 393Q571 407 561 418L311 668Q300 679 286 679T261 668L11 418Q0 407 0 393T11 368 36 357H536Q550 357 561 368T571 393Z\"><\/path><\/svg>\t\t\t<\/div>\n\t\t\t<select name=\"form_fields[field_55dd6ea]\" id=\"form-field-field_55dd6ea\" class=\"elementor-field-textual elementor-size-md\" required=\"required\">\n\t\t\t\t\t\t\t\t\t<option value=\"Choose from the list...\">Choose from the list...<\/option>\n\t\t\t\t\t\t\t\t\t<option value=\"Conference\">Conference<\/option>\n\t\t\t\t\t\t\t\t\t<option value=\"Family event\">Family event<\/option>\n\t\t\t\t\t\t\t\t\t<option value=\"Wedding\">Wedding<\/option>\n\t\t\t\t\t\t\t\t\t<option value=\"Team building event\">Team building event<\/option>\n\t\t\t\t\t\t\t\t\t<option value=\"Advanced training - education\">Advanced training - education<\/option>\n\t\t\t\t\t\t\t<\/select>\n\t\t<\/div>\n\t\t\t\t\t\t<\/div>\n\t\t\t\t\t\t\t\t<div class=\"elementor-field-type-text elementor-field-group elementor-column elementor-field-group-field_6a3ae36 elementor-col-25 elementor-field-required\">\n\t\t\t\t\t\t\t\t\t\t\t\t<label for=\"form-field-field_6a3ae36\" class=\"elementor-field-label\">\n\t\t\t\t\t\t\t\tNumber of people*\t\t\t\t\t\t\t<\/label>\n\t\t\t\t\t\t\t\t\t\t\t\t\t\t<input size=\"1\" type=\"text\" name=\"form_fields[field_6a3ae36]\" id=\"form-field-field_6a3ae36\" class=\"elementor-field elementor-size-md  elementor-field-textual\" placeholder=\"0\" required=\"required\">\n\t\t\t\t\t\t\t\t\t\t\t<\/div>\n\t\t\t\t\t\t\t\t<div class=\"elementor-field-type-text elementor-field-group elementor-column elementor-field-group-field_1680006 elementor-col-25 elementor-field-required\">\n\t\t\t\t\t\t\t\t\t\t\t\t<label for=\"form-field-field_1680006\" class=\"elementor-field-label\">\n\t\t\t\t\t\t\t\tNumber of halls*\t\t\t\t\t\t\t<\/label>\n\t\t\t\t\t\t\t\t\t\t\t\t\t\t<input size=\"1\" type=\"text\" name=\"form_fields[field_1680006]\" id=\"form-field-field_1680006\" class=\"elementor-field elementor-size-md  elementor-field-textual\" placeholder=\"0\" required=\"required\">\n\t\t\t\t\t\t\t\t\t\t\t<\/div>\n\t\t\t\t\t\t\t\t<div class=\"elementor-field-type-html elementor-field-group elementor-column elementor-field-group-field_12b9e9b elementor-col-50\">\n\t\t\t\t\t<\/br><b>Details of event<\/b>\t\t\t\t<\/div>\n\t\t\t\t\t\t\t\t<div class=\"elementor-field-type-html elementor-field-group elementor-column elementor-field-group-field_7369cd7 elementor-col-50\">\n\t\t\t\t\t<\/br><b>Catering needs<\/b>\t\t\t\t<\/div>\n\t\t\t\t\t\t\t\t<div class=\"elementor-field-type-text elementor-field-group elementor-column elementor-field-group-field_4d0dc3c elementor-col-25 elementor-sm-50 elementor-field-required\">\n\t\t\t\t\t\t\t\t\t\t\t\t<label for=\"form-field-field_4d0dc3c\" class=\"elementor-field-label\">\n\t\t\t\t\t\t\t\tSingle room\t\t\t\t\t\t\t<\/label>\n\t\t\t\t\t\t\t\t\t\t\t\t\t\t<input size=\"1\" type=\"text\" name=\"form_fields[field_4d0dc3c]\" id=\"form-field-field_4d0dc3c\" class=\"elementor-field elementor-size-md  elementor-field-textual\" placeholder=\"Number of Rooms\" required=\"required\">\n\t\t\t\t\t\t\t\t\t\t\t<\/div>\n\t\t\t\t\t\t\t\t<div class=\"elementor-field-type-text elementor-field-group elementor-column elementor-field-group-field_82828fb elementor-col-25 elementor-sm-50 elementor-field-required\">\n\t\t\t\t\t\t\t\t\t\t\t\t<label for=\"form-field-field_82828fb\" class=\"elementor-field-label\">\n\t\t\t\t\t\t\t\tDouble room\t\t\t\t\t\t\t<\/label>\n\t\t\t\t\t\t\t\t\t\t\t\t\t\t<input size=\"1\" type=\"text\" name=\"form_fields[field_82828fb]\" id=\"form-field-field_82828fb\" class=\"elementor-field elementor-size-md  elementor-field-textual\" placeholder=\"Number of Rooms\" required=\"required\">\n\t\t\t\t\t\t\t\t\t\t\t<\/div>\n\t\t\t\t\t\t\t\t<div class=\"elementor-field-type-text elementor-field-group elementor-column elementor-field-group-field_d0a50b7 elementor-col-100 elementor-sm-33 elementor-field-required\">\n\t\t\t\t\t\t\t\t\t\t\t\t<label for=\"form-field-field_d0a50b7\" class=\"elementor-field-label\">\n\t\t\t\t\t\t\t\tLunch\t\t\t\t\t\t\t<\/label>\n\t\t\t\t\t\t\t\t\t\t\t\t\t\t<input size=\"1\" type=\"text\" name=\"form_fields[field_d0a50b7]\" id=\"form-field-field_d0a50b7\" class=\"elementor-field elementor-size-md  elementor-field-textual\" placeholder=\"0 occasion\" required=\"required\">\n\t\t\t\t\t\t\t\t\t\t\t<\/div>\n\t\t\t\t\t\t\t\t<div class=\"elementor-field-type-text elementor-field-group elementor-column elementor-field-group-field_6dfebf4 elementor-col-100 elementor-sm-33 elementor-field-required\">\n\t\t\t\t\t\t\t\t\t\t\t\t<label for=\"form-field-field_6dfebf4\" class=\"elementor-field-label\">\n\t\t\t\t\t\t\t\tDinner\t\t\t\t\t\t\t<\/label>\n\t\t\t\t\t\t\t\t\t\t\t\t\t\t<input size=\"1\" type=\"text\" name=\"form_fields[field_6dfebf4]\" id=\"form-field-field_6dfebf4\" class=\"elementor-field elementor-size-md  elementor-field-textual\" placeholder=\"0 occasion\" required=\"required\">\n\t\t\t\t\t\t\t\t\t\t\t<\/div>\n\t\t\t\t\t\t\t\t<div class=\"elementor-field-type-text elementor-field-group elementor-column elementor-field-group-field_88553c6 elementor-col-100 elementor-sm-33 elementor-field-required\">\n\t\t\t\t\t\t\t\t\t\t\t\t<label for=\"form-field-field_88553c6\" class=\"elementor-field-label\">\n\t\t\t\t\t\t\t\tCoffee break\t\t\t\t\t\t\t<\/label>\n\t\t\t\t\t\t\t\t\t\t\t\t\t\t<input size=\"1\" type=\"text\" name=\"form_fields[field_88553c6]\" id=\"form-field-field_88553c6\" class=\"elementor-field elementor-size-md  elementor-field-textual\" placeholder=\"0 occasion\" required=\"required\">\n\t\t\t\t\t\t\t\t\t\t\t<\/div>\n\t\t\t\t\t\t\t\t<div class=\"elementor-field-type-html elementor-field-group elementor-column elementor-field-group-field_5767e0e elementor-col-100\">\n\t\t\t\t\t<\/br>\t\t\t\t<\/div>\n\t\t\t\t\t\t\t\t<div class=\"elementor-field-type-textarea elementor-field-group elementor-column elementor-field-group-field_61332c0 elementor-col-100 elementor-field-required\">\n\t\t\t\t\t\t\t\t\t\t\t\t<label for=\"form-field-field_61332c0\" class=\"elementor-field-label\">\n\t\t\t\t\t\t\t\tPlease specify any additional wishes or requirements you may have regarding the event.\t\t\t\t\t\t\t<\/label>\n\t\t\t\t\t\t<textarea class=\"elementor-field-textual elementor-field  elementor-size-md\" name=\"form_fields[field_61332c0]\" id=\"form-field-field_61332c0\" rows=\"6\" placeholder=\"e.g. room furnishings, decorations, technical equipment, etc.\" required=\"required\"><\/textarea>\t\t\t\t<\/div>\n\t\t\t\t\t\t\t\t<div class=\"elementor-field-type-acceptance elementor-field-group elementor-column elementor-field-group-field_c568d38 elementor-col-100 elementor-field-required\">\n\t\t\t\t\t\t\t<div class=\"elementor-field-subgroup\">\n\t\t\t<span class=\"elementor-field-option\">\n\t\t\t\t<input type=\"checkbox\" name=\"form_fields[field_c568d38]\" id=\"form-field-field_c568d38\" class=\"elementor-field elementor-size-md  elementor-acceptance-field\" required=\"required\">\n\t\t\t\t<label for=\"form-field-field_c568d38\">I agree that Park Hotel Kft. may send electronic newsletters containing its offers and news to the email address I have provided for an indefinite period of time, and may use the personal data I have provided for marketing communication purposes in the future. <\/label>\t\t\t<\/span>\n\t\t<\/div>\n\t\t\t\t\t\t<\/div>\n\t\t\t\t\t\t\t\t<div class=\"elementor-field-type-acceptance elementor-field-group elementor-column elementor-field-group-field_b781e50 elementor-col-50 elementor-field-required\">\n\t\t\t\t\t\t\t<div class=\"elementor-field-subgroup\">\n\t\t\t<span class=\"elementor-field-option\">\n\t\t\t\t<input type=\"checkbox\" name=\"form_fields[field_b781e50]\" id=\"form-field-field_b781e50\" class=\"elementor-field elementor-size-md  elementor-acceptance-field\" required=\"required\">\n\t\t\t\t<label for=\"form-field-field_b781e50\">I accept the <a href=\"https:\/\/parkhotelmovar.hu\/en\/privacy-policy\/\">Privacy policy.<\/a>*<\/label>\t\t\t<\/span>\n\t\t<\/div>\n\t\t\t\t\t\t<\/div>\n\t\t\t\t\t\t\t\t<div class=\"elementor-field-group elementor-column elementor-field-type-submit elementor-col-100 e-form__buttons\">\n\t\t\t\t\t<button class=\"elementor-button elementor-size-sm\" type=\"submit\">\n\t\t\t\t\t\t<span class=\"elementor-button-content-wrapper\">\n\t\t\t\t\t\t\t\t\t\t\t\t\t\t\t\t\t\t\t\t\t\t<span class=\"elementor-button-text\">send request for quote<\/span>\n\t\t\t\t\t\t\t\t\t\t\t\t\t<\/span>\n\t\t\t\t\t<\/button>\n\t\t\t\t<\/div>\n\t\t\t<\/div>\n\t\t<\/form>\n\t\t\t\t\t\t<\/div>\n\t\t\t\t\t<\/div>\n\t\t\t\t<\/div>\n\t\t\t\t<\/div>\n\t\t","protected":false},"excerpt":{"rendered":"<p>Request a quote for events<\/p>\n","protected":false},"author":2,"featured_media":0,"parent":0,"menu_order":0,"comment_status":"closed","ping_status":"closed","template":"","meta":{"footnotes":""},"class_list":["post-1741","page","type-page","status-publish","hentry"],"yoast_head":"<!-- This site is optimized with the Yoast SEO plugin v26.9 - https:\/\/yoast.com\/product\/yoast-seo-wordpress\/ -->\n<title>Request a quote for events - Park Hotel<\/title>\n<meta name=\"robots\" content=\"index, follow, max-snippet:-1, max-image-preview:large, max-video-preview:-1\" \/>\n<link rel=\"canonical\" href=\"https:\/\/parkhotelmovar.hu\/en\/request-a-quote-for-events\/\" \/>\n<meta property=\"og:locale\" content=\"en_US\" \/>\n<meta property=\"og:type\" content=\"article\" \/>\n<meta property=\"og:title\" content=\"Request a quote for events - Park Hotel\" \/>\n<meta property=\"og:description\" content=\"Request a quote for events\" \/>\n<meta property=\"og:url\" content=\"https:\/\/parkhotelmovar.hu\/en\/request-a-quote-for-events\/\" \/>\n<meta property=\"og:site_name\" content=\"Park Hotel\" \/>\n<meta property=\"article:modified_time\" content=\"2026-03-07T17:22:56+00:00\" \/>\n<meta name=\"twitter:card\" content=\"summary_large_image\" \/>\n<meta name=\"twitter:label1\" content=\"Est. reading time\" \/>\n\t<meta name=\"twitter:data1\" content=\"1 minute\" \/>\n<script type=\"application\/ld+json\" class=\"yoast-schema-graph\">{\"@context\":\"https:\/\/schema.org\",\"@graph\":[{\"@type\":\"WebPage\",\"@id\":\"https:\/\/parkhotelmovar.hu\/en\/request-a-quote-for-events\/\",\"url\":\"https:\/\/parkhotelmovar.hu\/en\/request-a-quote-for-events\/\",\"name\":\"Request a quote for events - Park Hotel\",\"isPartOf\":{\"@id\":\"https:\/\/parkhotelmovar.hu\/en\/#website\"},\"datePublished\":\"2026-02-14T21:52:50+00:00\",\"dateModified\":\"2026-03-07T17:22:56+00:00\",\"breadcrumb\":{\"@id\":\"https:\/\/parkhotelmovar.hu\/en\/request-a-quote-for-events\/#breadcrumb\"},\"inLanguage\":\"en-US\",\"potentialAction\":[{\"@type\":\"ReadAction\",\"target\":[\"https:\/\/parkhotelmovar.hu\/en\/request-a-quote-for-events\/\"]}]},{\"@type\":\"BreadcrumbList\",\"@id\":\"https:\/\/parkhotelmovar.hu\/en\/request-a-quote-for-events\/#breadcrumb\",\"itemListElement\":[{\"@type\":\"ListItem\",\"position\":1,\"name\":\"Home\",\"item\":\"https:\/\/parkhotelmovar.hu\/en\/\"},{\"@type\":\"ListItem\",\"position\":2,\"name\":\"Request a quote for events\"}]},{\"@type\":\"WebSite\",\"@id\":\"https:\/\/parkhotelmovar.hu\/en\/#website\",\"url\":\"https:\/\/parkhotelmovar.hu\/en\/\",\"name\":\"Park Hotel\",\"description\":\"Elegancia Mosonmagyar\u00f3v\u00e1r z\u00f6ld sz\u00edv\u00e9ben\",\"publisher\":{\"@id\":\"https:\/\/parkhotelmovar.hu\/en\/#organization\"},\"potentialAction\":[{\"@type\":\"SearchAction\",\"target\":{\"@type\":\"EntryPoint\",\"urlTemplate\":\"https:\/\/parkhotelmovar.hu\/en\/?s={search_term_string}\"},\"query-input\":{\"@type\":\"PropertyValueSpecification\",\"valueRequired\":true,\"valueName\":\"search_term_string\"}}],\"inLanguage\":\"en-US\"},{\"@type\":\"Organization\",\"@id\":\"https:\/\/parkhotelmovar.hu\/en\/#organization\",\"name\":\"Park Hotel\",\"url\":\"https:\/\/parkhotelmovar.hu\/en\/\",\"logo\":{\"@type\":\"ImageObject\",\"inLanguage\":\"en-US\",\"@id\":\"https:\/\/parkhotelmovar.hu\/en\/#\/schema\/logo\/image\/\",\"url\":\"https:\/\/parkhotelmovar.hu\/wp-content\/uploads\/2026\/02\/park-hotel-site-logo.svg\",\"contentUrl\":\"https:\/\/parkhotelmovar.hu\/wp-content\/uploads\/2026\/02\/park-hotel-site-logo.svg\",\"width\":135,\"height\":158,\"caption\":\"Park Hotel\"},\"image\":{\"@id\":\"https:\/\/parkhotelmovar.hu\/en\/#\/schema\/logo\/image\/\"}}]}<\/script>\n<!-- \/ Yoast SEO plugin. -->","yoast_head_json":{"title":"Request a quote for events - Park Hotel","robots":{"index":"index","follow":"follow","max-snippet":"max-snippet:-1","max-image-preview":"max-image-preview:large","max-video-preview":"max-video-preview:-1"},"canonical":"https:\/\/parkhotelmovar.hu\/en\/request-a-quote-for-events\/","og_locale":"en_US","og_type":"article","og_title":"Request a quote for events - Park Hotel","og_description":"Request a quote for events","og_url":"https:\/\/parkhotelmovar.hu\/en\/request-a-quote-for-events\/","og_site_name":"Park Hotel","article_modified_time":"2026-03-07T17:22:56+00:00","twitter_card":"summary_large_image","twitter_misc":{"Est. reading time":"1 minute"},"schema":{"@context":"https:\/\/schema.org","@graph":[{"@type":"WebPage","@id":"https:\/\/parkhotelmovar.hu\/en\/request-a-quote-for-events\/","url":"https:\/\/parkhotelmovar.hu\/en\/request-a-quote-for-events\/","name":"Request a quote for events - Park Hotel","isPartOf":{"@id":"https:\/\/parkhotelmovar.hu\/en\/#website"},"datePublished":"2026-02-14T21:52:50+00:00","dateModified":"2026-03-07T17:22:56+00:00","breadcrumb":{"@id":"https:\/\/parkhotelmovar.hu\/en\/request-a-quote-for-events\/#breadcrumb"},"inLanguage":"en-US","potentialAction":[{"@type":"ReadAction","target":["https:\/\/parkhotelmovar.hu\/en\/request-a-quote-for-events\/"]}]},{"@type":"BreadcrumbList","@id":"https:\/\/parkhotelmovar.hu\/en\/request-a-quote-for-events\/#breadcrumb","itemListElement":[{"@type":"ListItem","position":1,"name":"Home","item":"https:\/\/parkhotelmovar.hu\/en\/"},{"@type":"ListItem","position":2,"name":"Request a quote for events"}]},{"@type":"WebSite","@id":"https:\/\/parkhotelmovar.hu\/en\/#website","url":"https:\/\/parkhotelmovar.hu\/en\/","name":"Park Hotel","description":"Elegancia Mosonmagyar\u00f3v\u00e1r z\u00f6ld sz\u00edv\u00e9ben","publisher":{"@id":"https:\/\/parkhotelmovar.hu\/en\/#organization"},"potentialAction":[{"@type":"SearchAction","target":{"@type":"EntryPoint","urlTemplate":"https:\/\/parkhotelmovar.hu\/en\/?s={search_term_string}"},"query-input":{"@type":"PropertyValueSpecification","valueRequired":true,"valueName":"search_term_string"}}],"inLanguage":"en-US"},{"@type":"Organization","@id":"https:\/\/parkhotelmovar.hu\/en\/#organization","name":"Park Hotel","url":"https:\/\/parkhotelmovar.hu\/en\/","logo":{"@type":"ImageObject","inLanguage":"en-US","@id":"https:\/\/parkhotelmovar.hu\/en\/#\/schema\/logo\/image\/","url":"https:\/\/parkhotelmovar.hu\/wp-content\/uploads\/2026\/02\/park-hotel-site-logo.svg","contentUrl":"https:\/\/parkhotelmovar.hu\/wp-content\/uploads\/2026\/02\/park-hotel-site-logo.svg","width":135,"height":158,"caption":"Park Hotel"},"image":{"@id":"https:\/\/parkhotelmovar.hu\/en\/#\/schema\/logo\/image\/"}}]}},"_links":{"self":[{"href":"https:\/\/parkhotelmovar.hu\/en\/wp-json\/wp\/v2\/pages\/1741","targetHints":{"allow":["GET"]}}],"collection":[{"href":"https:\/\/parkhotelmovar.hu\/en\/wp-json\/wp\/v2\/pages"}],"about":[{"href":"https:\/\/parkhotelmovar.hu\/en\/wp-json\/wp\/v2\/types\/page"}],"author":[{"embeddable":true,"href":"https:\/\/parkhotelmovar.hu\/en\/wp-json\/wp\/v2\/users\/2"}],"replies":[{"embeddable":true,"href":"https:\/\/parkhotelmovar.hu\/en\/wp-json\/wp\/v2\/comments?post=1741"}],"version-history":[{"count":7,"href":"https:\/\/parkhotelmovar.hu\/en\/wp-json\/wp\/v2\/pages\/1741\/revisions"}],"predecessor-version":[{"id":1748,"href":"https:\/\/parkhotelmovar.hu\/en\/wp-json\/wp\/v2\/pages\/1741\/revisions\/1748"}],"wp:attachment":[{"href":"https:\/\/parkhotelmovar.hu\/en\/wp-json\/wp\/v2\/media?parent=1741"}],"curies":[{"name":"wp","href":"https:\/\/api.w.org\/{rel}","templated":true}]}}