{"id":2206,"date":"2026-03-23T12:11:50","date_gmt":"2026-03-23T12:11:50","guid":{"rendered":"https:\/\/parkhotelmovar.hu\/?page_id=2206"},"modified":"2026-03-26T16:36:46","modified_gmt":"2026-03-26T16:36:46","slug":"booking","status":"publish","type":"page","link":"https:\/\/parkhotelmovar.hu\/en\/booking\/","title":{"rendered":"Booking"},"content":{"rendered":"\t\t<div data-elementor-type=\"wp-page\" data-elementor-id=\"2206\" class=\"elementor elementor-2206 elementor-2205\" data-elementor-post-type=\"page\">\n\t\t\t\t<div class=\"elementor-element elementor-element-f9c0e52 e-flex e-con-boxed e-con e-parent\" data-id=\"f9c0e52\" data-element_type=\"container\" data-e-type=\"container\" data-settings=\"{&quot;background_background&quot;:&quot;classic&quot;}\">\n\t\t\t\t\t<div class=\"e-con-inner\">\n\t\t\t\t<div class=\"elementor-element elementor-element-0837400 elementor-widget__width-initial elementor-widget-mobile__width-initial elementor-widget elementor-widget-heading\" data-id=\"0837400\" data-element_type=\"widget\" data-e-type=\"widget\" data-widget_type=\"heading.default\">\n\t\t\t\t\t<h1 class=\"elementor-heading-title elementor-size-default\">Booking<\/h1>\t\t\t\t<\/div>\n\t\t\t\t<div class=\"elementor-element elementor-element-6f26973 elementor-widget__width-initial elementor-widget-mobile__width-inherit elementor-widget elementor-widget-text-editor\" data-id=\"6f26973\" data-element_type=\"widget\" data-e-type=\"widget\" data-widget_type=\"text-editor.default\">\n\t\t\t\t\t\t\t\t\t<p>Modern spaces, panoramic views, and direct connection to nature \u2013 an ideal choice for relaxation, business, and sports events alike. <\/p>\t\t\t\t\t\t\t\t<\/div>\n\t\t\t\t\t<\/div>\n\t\t\t\t<\/div>\n\t\t<div class=\"elementor-element elementor-element-a105c38 e-flex e-con-boxed e-con e-parent\" data-id=\"a105c38\" data-element_type=\"container\" data-e-type=\"container\" id=\"family\" data-settings=\"{&quot;background_background&quot;:&quot;classic&quot;}\">\n\t\t\t\t\t<div class=\"e-con-inner\">\n\t\t<div class=\"elementor-element elementor-element-a044852 e-con-full e-flex e-con e-child\" data-id=\"a044852\" data-element_type=\"container\" data-e-type=\"container\" data-settings=\"{&quot;background_background&quot;:&quot;classic&quot;}\">\n\t\t\t\t<div class=\"elementor-element elementor-element-d953aec elementor-widget elementor-widget-html\" data-id=\"d953aec\" data-element_type=\"widget\" data-e-type=\"widget\" data-widget_type=\"html.default\">\n\t\t\t\t\t<!-- Hotelsystem API Include BEGIN -->\n<script type=\"text\/javascript\">\n  var _hs = {lng: \"en\", usr: \"sDM5ix6f76qz\"};\n  (function(){\n    var hsa = document.createElement(\"script\"); hsa.type = \"text\/javascript\"; hsa.async = true;\n    hsa.src = \"https:\/\/hotelsystem.hu\/api\/booking\/js.php?_=\"+Math.random();\n    var s = document.getElementsByTagName(\"script\")[0]; s.parentNode.insertBefore(hsa, s);\n  })();\n<\/script>\n<div id=\"hs_root\"><\/div>\n<!-- Hotelsystem API Include END -->\t\t\t\t<\/div>\n\t\t\t\t<\/div>\n\t\t\t\t\t<\/div>\n\t\t\t\t<\/div>\n\t\t\t\t<\/div>\n\t\t","protected":false},"excerpt":{"rendered":"<p>Booking Modern spaces, panoramic views, and direct connection to nature \u2013 an ideal choice for relaxation, business, and sports events alike.<\/p>\n","protected":false},"author":1,"featured_media":0,"parent":0,"menu_order":0,"comment_status":"closed","ping_status":"closed","template":"","meta":{"footnotes":""},"class_list":["post-2206","page","type-page","status-publish","hentry"],"yoast_head":"<!-- This site is optimized with the Yoast SEO plugin v26.9 - https:\/\/yoast.com\/product\/yoast-seo-wordpress\/ -->\n<title>Booking - Park Hotel<\/title>\n<meta name=\"robots\" content=\"index, follow, max-snippet:-1, max-image-preview:large, max-video-preview:-1\" \/>\n<link rel=\"canonical\" href=\"https:\/\/parkhotelmovar.hu\/en\/booking\/\" \/>\n<meta property=\"og:locale\" content=\"en_US\" \/>\n<meta property=\"og:type\" content=\"article\" \/>\n<meta property=\"og:title\" content=\"Booking - Park Hotel\" \/>\n<meta property=\"og:description\" content=\"Booking Modern spaces, panoramic views, and direct connection to nature \u2013 an ideal choice for relaxation, business, and sports events alike.\" \/>\n<meta property=\"og:url\" content=\"https:\/\/parkhotelmovar.hu\/en\/booking\/\" \/>\n<meta property=\"og:site_name\" content=\"Park Hotel\" \/>\n<meta property=\"article:modified_time\" content=\"2026-03-26T16:36:46+00:00\" \/>\n<meta name=\"twitter:card\" content=\"summary_large_image\" \/>\n<meta name=\"twitter:label1\" content=\"Est. reading time\" \/>\n\t<meta name=\"twitter:data1\" content=\"1 minute\" \/>\n<script type=\"application\/ld+json\" class=\"yoast-schema-graph\">{\"@context\":\"https:\/\/schema.org\",\"@graph\":[{\"@type\":\"WebPage\",\"@id\":\"https:\/\/parkhotelmovar.hu\/en\/booking\/\",\"url\":\"https:\/\/parkhotelmovar.hu\/en\/booking\/\",\"name\":\"Booking - Park Hotel\",\"isPartOf\":{\"@id\":\"https:\/\/parkhotelmovar.hu\/en\/#website\"},\"datePublished\":\"2026-03-23T12:11:50+00:00\",\"dateModified\":\"2026-03-26T16:36:46+00:00\",\"breadcrumb\":{\"@id\":\"https:\/\/parkhotelmovar.hu\/en\/booking\/#breadcrumb\"},\"inLanguage\":\"en-US\",\"potentialAction\":[{\"@type\":\"ReadAction\",\"target\":[\"https:\/\/parkhotelmovar.hu\/en\/booking\/\"]}]},{\"@type\":\"BreadcrumbList\",\"@id\":\"https:\/\/parkhotelmovar.hu\/en\/booking\/#breadcrumb\",\"itemListElement\":[{\"@type\":\"ListItem\",\"position\":1,\"name\":\"Home\",\"item\":\"https:\/\/parkhotelmovar.hu\/en\/\"},{\"@type\":\"ListItem\",\"position\":2,\"name\":\"Booking\"}]},{\"@type\":\"WebSite\",\"@id\":\"https:\/\/parkhotelmovar.hu\/en\/#website\",\"url\":\"https:\/\/parkhotelmovar.hu\/en\/\",\"name\":\"Park Hotel\",\"description\":\"Elegancia Mosonmagyar\u00f3v\u00e1r z\u00f6ld sz\u00edv\u00e9ben\",\"publisher\":{\"@id\":\"https:\/\/parkhotelmovar.hu\/en\/#organization\"},\"potentialAction\":[{\"@type\":\"SearchAction\",\"target\":{\"@type\":\"EntryPoint\",\"urlTemplate\":\"https:\/\/parkhotelmovar.hu\/en\/?s={search_term_string}\"},\"query-input\":{\"@type\":\"PropertyValueSpecification\",\"valueRequired\":true,\"valueName\":\"search_term_string\"}}],\"inLanguage\":\"en-US\"},{\"@type\":\"Organization\",\"@id\":\"https:\/\/parkhotelmovar.hu\/en\/#organization\",\"name\":\"Park Hotel\",\"url\":\"https:\/\/parkhotelmovar.hu\/en\/\",\"logo\":{\"@type\":\"ImageObject\",\"inLanguage\":\"en-US\",\"@id\":\"https:\/\/parkhotelmovar.hu\/en\/#\/schema\/logo\/image\/\",\"url\":\"https:\/\/parkhotelmovar.hu\/wp-content\/uploads\/2026\/02\/park-hotel-site-logo.svg\",\"contentUrl\":\"https:\/\/parkhotelmovar.hu\/wp-content\/uploads\/2026\/02\/park-hotel-site-logo.svg\",\"width\":135,\"height\":158,\"caption\":\"Park Hotel\"},\"image\":{\"@id\":\"https:\/\/parkhotelmovar.hu\/en\/#\/schema\/logo\/image\/\"}}]}<\/script>\n<!-- \/ Yoast SEO plugin. -->","yoast_head_json":{"title":"Booking - Park Hotel","robots":{"index":"index","follow":"follow","max-snippet":"max-snippet:-1","max-image-preview":"max-image-preview:large","max-video-preview":"max-video-preview:-1"},"canonical":"https:\/\/parkhotelmovar.hu\/en\/booking\/","og_locale":"en_US","og_type":"article","og_title":"Booking - Park Hotel","og_description":"Booking Modern spaces, panoramic views, and direct connection to nature \u2013 an ideal choice for relaxation, business, and sports events alike.","og_url":"https:\/\/parkhotelmovar.hu\/en\/booking\/","og_site_name":"Park Hotel","article_modified_time":"2026-03-26T16:36:46+00:00","twitter_card":"summary_large_image","twitter_misc":{"Est. reading time":"1 minute"},"schema":{"@context":"https:\/\/schema.org","@graph":[{"@type":"WebPage","@id":"https:\/\/parkhotelmovar.hu\/en\/booking\/","url":"https:\/\/parkhotelmovar.hu\/en\/booking\/","name":"Booking - Park Hotel","isPartOf":{"@id":"https:\/\/parkhotelmovar.hu\/en\/#website"},"datePublished":"2026-03-23T12:11:50+00:00","dateModified":"2026-03-26T16:36:46+00:00","breadcrumb":{"@id":"https:\/\/parkhotelmovar.hu\/en\/booking\/#breadcrumb"},"inLanguage":"en-US","potentialAction":[{"@type":"ReadAction","target":["https:\/\/parkhotelmovar.hu\/en\/booking\/"]}]},{"@type":"BreadcrumbList","@id":"https:\/\/parkhotelmovar.hu\/en\/booking\/#breadcrumb","itemListElement":[{"@type":"ListItem","position":1,"name":"Home","item":"https:\/\/parkhotelmovar.hu\/en\/"},{"@type":"ListItem","position":2,"name":"Booking"}]},{"@type":"WebSite","@id":"https:\/\/parkhotelmovar.hu\/en\/#website","url":"https:\/\/parkhotelmovar.hu\/en\/","name":"Park Hotel","description":"Elegancia Mosonmagyar\u00f3v\u00e1r z\u00f6ld sz\u00edv\u00e9ben","publisher":{"@id":"https:\/\/parkhotelmovar.hu\/en\/#organization"},"potentialAction":[{"@type":"SearchAction","target":{"@type":"EntryPoint","urlTemplate":"https:\/\/parkhotelmovar.hu\/en\/?s={search_term_string}"},"query-input":{"@type":"PropertyValueSpecification","valueRequired":true,"valueName":"search_term_string"}}],"inLanguage":"en-US"},{"@type":"Organization","@id":"https:\/\/parkhotelmovar.hu\/en\/#organization","name":"Park Hotel","url":"https:\/\/parkhotelmovar.hu\/en\/","logo":{"@type":"ImageObject","inLanguage":"en-US","@id":"https:\/\/parkhotelmovar.hu\/en\/#\/schema\/logo\/image\/","url":"https:\/\/parkhotelmovar.hu\/wp-content\/uploads\/2026\/02\/park-hotel-site-logo.svg","contentUrl":"https:\/\/parkhotelmovar.hu\/wp-content\/uploads\/2026\/02\/park-hotel-site-logo.svg","width":135,"height":158,"caption":"Park Hotel"},"image":{"@id":"https:\/\/parkhotelmovar.hu\/en\/#\/schema\/logo\/image\/"}}]}},"_links":{"self":[{"href":"https:\/\/parkhotelmovar.hu\/en\/wp-json\/wp\/v2\/pages\/2206","targetHints":{"allow":["GET"]}}],"collection":[{"href":"https:\/\/parkhotelmovar.hu\/en\/wp-json\/wp\/v2\/pages"}],"about":[{"href":"https:\/\/parkhotelmovar.hu\/en\/wp-json\/wp\/v2\/types\/page"}],"author":[{"embeddable":true,"href":"https:\/\/parkhotelmovar.hu\/en\/wp-json\/wp\/v2\/users\/1"}],"replies":[{"embeddable":true,"href":"https:\/\/parkhotelmovar.hu\/en\/wp-json\/wp\/v2\/comments?post=2206"}],"version-history":[{"count":14,"href":"https:\/\/parkhotelmovar.hu\/en\/wp-json\/wp\/v2\/pages\/2206\/revisions"}],"predecessor-version":[{"id":2350,"href":"https:\/\/parkhotelmovar.hu\/en\/wp-json\/wp\/v2\/pages\/2206\/revisions\/2350"}],"wp:attachment":[{"href":"https:\/\/parkhotelmovar.hu\/en\/wp-json\/wp\/v2\/media?parent=2206"}],"curies":[{"name":"wp","href":"https:\/\/api.w.org\/{rel}","templated":true}]}}